{"id":8504,"date":"2022-05-12T03:06:50","date_gmt":"2022-05-12T09:06:50","guid":{"rendered":"https:\/\/babysurvivalswim.com\/pruebas\/?page_id=8504"},"modified":"2022-05-12T10:15:11","modified_gmt":"2022-05-12T16:15:11","slug":"terminos-y-condiciones","status":"publish","type":"page","link":"https:\/\/babysurvivalswim.com\/pruebas\/terminos-y-condiciones\/","title":{"rendered":"T\u00e9rminos y condiciones"},"content":{"rendered":"\t\t<div data-elementor-type=\"wp-page\" data-elementor-id=\"8504\" class=\"elementor elementor-8504\" data-elementor-post-type=\"page\">\n\t\t\t\t\t\t\t\t\t<section class=\"elementor-section elementor-top-section elementor-element elementor-element-90e794d elementor-section-boxed elementor-section-height-default elementor-section-height-default\" data-id=\"90e794d\" data-element_type=\"section\">\n\t\t\t\t\t\t<div class=\"elementor-container elementor-column-gap-default\">\n\t\t\t\t\t<div class=\"elementor-column elementor-col-100 elementor-top-column elementor-element elementor-element-c509af1\" data-id=\"c509af1\" data-element_type=\"column\">\n\t\t\t<div class=\"elementor-widget-wrap elementor-element-populated\">\n\t\t\t\t\t\t\t\t<div class=\"elementor-element elementor-element-b82d3d5 elementor-widget elementor-widget-text-editor\" data-id=\"b82d3d5\" data-element_type=\"widget\" data-widget_type=\"text-editor.default\">\n\t\t\t\t<div class=\"elementor-widget-container\">\n\t\t\t<style>\/*! elementor - v3.18.0 - 20-12-2023 *\/\n.elementor-widget-text-editor.elementor-drop-cap-view-stacked .elementor-drop-cap{background-color:#69727d;color:#fff}.elementor-widget-text-editor.elementor-drop-cap-view-framed .elementor-drop-cap{color:#69727d;border:3px solid;background-color:transparent}.elementor-widget-text-editor:not(.elementor-drop-cap-view-default) .elementor-drop-cap{margin-top:8px}.elementor-widget-text-editor:not(.elementor-drop-cap-view-default) .elementor-drop-cap-letter{width:1em;height:1em}.elementor-widget-text-editor .elementor-drop-cap{float:left;text-align:center;line-height:1;font-size:50px}.elementor-widget-text-editor .elementor-drop-cap-letter{display:inline-block}<\/style>\t\t\t\t<p><span style=\"font-family: century-bold-2;\">T\u00e9rminos y Condiciones<br \/><\/span><\/p>\t\t\t\t\t\t<\/div>\n\t\t\t\t<\/div>\n\t\t\t\t<div class=\"elementor-element elementor-element-ec402f6 elementor-widget-divider--view-line elementor-widget elementor-widget-divider\" data-id=\"ec402f6\" data-element_type=\"widget\" data-widget_type=\"divider.default\">\n\t\t\t\t<div class=\"elementor-widget-container\">\n\t\t\t<style>\/*! elementor - v3.18.0 - 20-12-2023 *\/\n.elementor-widget-divider{--divider-border-style:none;--divider-border-width:1px;--divider-color:#0c0d0e;--divider-icon-size:20px;--divider-element-spacing:10px;--divider-pattern-height:24px;--divider-pattern-size:20px;--divider-pattern-url:none;--divider-pattern-repeat:repeat-x}.elementor-widget-divider .elementor-divider{display:flex}.elementor-widget-divider .elementor-divider__text{font-size:15px;line-height:1;max-width:95%}.elementor-widget-divider .elementor-divider__element{margin:0 var(--divider-element-spacing);flex-shrink:0}.elementor-widget-divider .elementor-icon{font-size:var(--divider-icon-size)}.elementor-widget-divider .elementor-divider-separator{display:flex;margin:0;direction:ltr}.elementor-widget-divider--view-line_icon .elementor-divider-separator,.elementor-widget-divider--view-line_text .elementor-divider-separator{align-items:center}.elementor-widget-divider--view-line_icon .elementor-divider-separator:after,.elementor-widget-divider--view-line_icon .elementor-divider-separator:before,.elementor-widget-divider--view-line_text .elementor-divider-separator:after,.elementor-widget-divider--view-line_text .elementor-divider-separator:before{display:block;content:\"\";border-bottom:0;flex-grow:1;border-top:var(--divider-border-width) var(--divider-border-style) var(--divider-color)}.elementor-widget-divider--element-align-left .elementor-divider .elementor-divider-separator>.elementor-divider__svg:first-of-type{flex-grow:0;flex-shrink:100}.elementor-widget-divider--element-align-left .elementor-divider-separator:before{content:none}.elementor-widget-divider--element-align-left .elementor-divider__element{margin-left:0}.elementor-widget-divider--element-align-right .elementor-divider .elementor-divider-separator>.elementor-divider__svg:last-of-type{flex-grow:0;flex-shrink:100}.elementor-widget-divider--element-align-right .elementor-divider-separator:after{content:none}.elementor-widget-divider--element-align-right .elementor-divider__element{margin-right:0}.elementor-widget-divider:not(.elementor-widget-divider--view-line_text):not(.elementor-widget-divider--view-line_icon) .elementor-divider-separator{border-top:var(--divider-border-width) var(--divider-border-style) var(--divider-color)}.elementor-widget-divider--separator-type-pattern{--divider-border-style:none}.elementor-widget-divider--separator-type-pattern.elementor-widget-divider--view-line .elementor-divider-separator,.elementor-widget-divider--separator-type-pattern:not(.elementor-widget-divider--view-line) .elementor-divider-separator:after,.elementor-widget-divider--separator-type-pattern:not(.elementor-widget-divider--view-line) .elementor-divider-separator:before,.elementor-widget-divider--separator-type-pattern:not([class*=elementor-widget-divider--view]) .elementor-divider-separator{width:100%;min-height:var(--divider-pattern-height);-webkit-mask-size:var(--divider-pattern-size) 100%;mask-size:var(--divider-pattern-size) 100%;-webkit-mask-repeat:var(--divider-pattern-repeat);mask-repeat:var(--divider-pattern-repeat);background-color:var(--divider-color);-webkit-mask-image:var(--divider-pattern-url);mask-image:var(--divider-pattern-url)}.elementor-widget-divider--no-spacing{--divider-pattern-size:auto}.elementor-widget-divider--bg-round{--divider-pattern-repeat:round}.rtl .elementor-widget-divider .elementor-divider__text{direction:rtl}.e-con-inner>.elementor-widget-divider,.e-con>.elementor-widget-divider{width:var(--container-widget-width,100%);--flex-grow:var(--container-widget-flex-grow)}<\/style>\t\t<div class=\"elementor-divider\">\n\t\t\t<span class=\"elementor-divider-separator\">\n\t\t\t\t\t\t<\/span>\n\t\t<\/div>\n\t\t\t\t<\/div>\n\t\t\t\t<\/div>\n\t\t\t\t<div class=\"elementor-element elementor-element-b43a86a elementor-widget elementor-widget-text-editor\" data-id=\"b43a86a\" data-element_type=\"widget\" data-widget_type=\"text-editor.default\">\n\t\t\t\t<div class=\"elementor-widget-container\">\n\t\t\t\t\t\t\t<p>Al acceder o utilizar cualquier servicio de la p\u00e1gina babysurvivalswim.com EL USUARIO ACEPTA los t\u00e9rminos y condiciones del presente ACUERDO (EL &#8220;CONTRATO&#8221;) que rigen los contenidos y los servicios de la p\u00e1gina babysurvivalswim.com<\/p><p>El presente acuerdo se suscribe entre BABY SUVIVAL SWIM S.A, y el usuario. Si el usuario no dispone de las facultades necesarias para suscribir el presente contrato, no deber\u00e1 utilizar el sitio ni aceptar el presente contrato.<\/p><p>Tanto BABY SURVIVAL SWIM S.A como entidad y titular Empresa Individual BABYSURVIVALSWIM, a continuaci\u00f3n, se denominar\u00e1n en conjunto como BABY SURVIVAL SWIM como el USUARIO aceptamos que el uso del sitio https:\/\/babysurvivalswim.com\/pruebas\/se basa en los siguientes t\u00e9rminos y condiciones:<\/p><p><span style=\"color: #e08038;\">1.<\/span> De los servicios: http:\/\/babysurvivalswim.com cuenta con una serie de servicios consistentes en Programas de Aprendizaje desde el nivel de supervivencia de un bebe en el entorno acu\u00e1tico hasta el aprendizaje de ni\u00f1os de edades tempranas hasta 6 a\u00f1os en cursos de nataci\u00f3n. Los cursos y los programas son impartidos por la instructora asignada por BABY SURVIVAL SWIM S.A quien cuenta con varias certificaciones y experiencia en los servicios que se ofrecen en dicho sitio. Al ingresar al sitio, usted acepta que la p\u00e1gina \u00fanicamente describe los servicios en general por lo que es una p\u00e1gina informativa y que deber\u00e1 presentarse personalmente para atender especificaciones personales tanto del bebe o ni\u00f1o como de los padres. El simple ingreso a la p\u00e1gina no conlleva la contrataci\u00f3n directa ni indirecta de BABY SURVIVAL SWIM S.A ni a sus propias instructoras.<\/p><p><span style=\"color: #e08038;\">2.<\/span> De la Informaci\u00f3n que el usuario provee<\/p><p>El padre, la madre o la persona que est\u00e9 plenamente facultada deber\u00e1 llenar el formulario que se encuentra publicado en esta p\u00e1gina. Por lo que El Usuario declara y garantiza que la informaci\u00f3n que provee tanto en formularios en l\u00ednea en el sitio como escritos en formato f\u00edsico, es verdadera, exacta, integra, fiable, e id\u00f3nea y BABY SURVIVAL SWIM mediante su p\u00e1gina en Internet http:\/\/babysurvivalswim.com se encuentra plenamente facultada para almacenar dicha informaci\u00f3n y no ser\u00e1 responsable de la eliminaci\u00f3n, correcci\u00f3n, destrucci\u00f3n, da\u00f1o, p\u00e9rdida o error surgido durante el almacenamiento de los Datos.<\/p><p>http:\/\/babysurvivalswim.com se reserva el derecho de retener, eliminar y\/o desechar los Datos sin previo aviso por motivo de su incumplimiento, dentro del que se incluye, aunque no de forma exclusiva, la falta de pago del servicio.<\/p><p><span style=\"color: #e08038;\">3.<\/span> AUTORIZACIONES:<\/p><p>Por los presentes t\u00e9rminos y condiciones http:\/\/babysurvivalswim.coml e concede el derecho, no transferible y no exclusivo de utilizar el sitio, \u00fanicamente para su propio uso y sujeto a las condiciones de este Contrato. Todos los derechos no concedidos expresamente quedan reservados https:\/\/babysurvivalswim.com\/pruebas\/multimedia\/<\/p><p><span style=\"color: #e08038;\">4.<\/span> Propiedad Intelectual:<\/p><p>http:\/\/babysurvivalswim.com es el propietario de todos los derechos e intereses, entre los que se incluyen todos los relacionados con el derecho de la propiedad intelectual en la Tecnolog\u00eda, el servicio, los contenidos, marcas, nombres comerciales y dem\u00e1s signos distintivos y todas las obras multimedia que incluyen el sitiohttp:\/\/babysurvivalswim.com. Asimismo, el sitio http:\/\/babysurvivalswim.com. Cuenta con la opini\u00f3n de terceros, clientes y dem\u00e1s personas que han comentado respecto a los servicios y distintos programas del sitio. Sin embargo, cada uno es due\u00f1o de su propia opini\u00f3n. Asimismo, http:\/\/babysurvivalswim.com es la \u00fanica titular del derecho de autor y los derechos de propiedad intelectual, de la forma de publicarla, de la forma de expresar y publicar las idea, solicitud de mejora, comentario, recomendaci\u00f3n o cualquier otra informaci\u00f3n que haya ofrecido el Usuario o cualquier otra parte relacionada con la p\u00e1gina. Este Contrato no supone una venta y no le otorga ning\u00fan derecho de propiedad sobre los contenidos, las obras multimedia, el Servicio, la Tecnolog\u00eda de http:\/\/babysurvivalswim.com o los Derechos de propiedad intelectual que ostenta http:\/\/babysurvivalswim.com.<\/p><p>El nombre http:\/\/babysurvivalswim.com, el logotipo de http:\/\/babysurvivalswim.com y los nombres de productos asociados con el Servicio son marcas comerciales propiedad de BABY SURVIVAL SWIM S.A y no se otorga ning\u00fan derecho o licencia para su uso. En tal virtud, el usuario no se encuentra facultado a utilizar, reproducir o de cualquier otra forma obtener un beneficio econ\u00f3mico o de otra \u00edndole, directo o indirecto por el uso de los contenidos, las im\u00e1genes, las obras multimedia y el servicio en general publicados en la p\u00e1gina http:\/\/babysurvivalswim.com<\/p><p><span style=\"color: #e08038;\">5.<\/span> Tarifas:<\/p><p>El sitio http:\/\/babysurvivalswim.com describe las distintas tarifas de los servicios que se prestan, el USUARIO acepta que dichas tarifas est\u00e1n sujetas a cambios y actualizaciones, por lo que deber\u00e1 ingresar al sitio constantemente para verificar las actualizaciones de esta. El usuario deber\u00e1 pagar las tarifas correspondientes al servicio contratado, una vez, ambas partes est\u00e9n de acuerdo y en forma previa la totalidad de lo expresado en el sitio.<\/p><p><span style=\"color: #e08038;\">6.<\/span> http:\/\/babysurvivalswim.com cuenta con el sistema de cobro en l\u00ednea para sus servicios, a trav\u00e9s de tarjetas de cr\u00e9dito y otros prestadores de servicios. En dicho caso, Adem\u00e1s de otros derechos otorgados a http:\/\/babysurvivalswim.com por el presente Contrato, http:\/\/babysurvivalswim.com se reserva el derecho a suspender o extinguir este Contrato y el acceso al Servicio por parte del Usuario si su cuenta se convierte en morosa (incurre en retrasos de pagos).<\/p><p>http:\/\/babysurvivalswim.com utiliza los m\u00e1s altos est\u00e1ndares en seguridad inform\u00e1tica para reservar la informaci\u00f3n que el usuario provee con relaci\u00f3n a datos de tarjetas de cr\u00e9dito, d\u00e9bito u otros sistemas electr\u00f3nicos de pago. No obstante, lo anteriormente expuesto, los proveedores de servicios de tarjetas son los \u00fanicos responsables del manejo, uso y disposici\u00f3n de los datos provistos por el usuario. El usuario no podr\u00e1 responsabilizar directa ni indirectamente a http:\/\/babysurvivalswim.com por fallos en los sistemas de estos proveedores de servicios de sistemas de pago quienes ser\u00e1n los \u00fanicos responsables de la informaci\u00f3n provista y del sistema de pago. El usuario se hace responsable tambi\u00e9n de utilizar el sistema de pagos de forma segura y en vigilar sus propios equipos y sus propios sistemas de seguridad con el objeto de resguardar sus datos financieros.<\/p><p><span style=\"color: #e08038;\">7.<\/span> Responsabilidades del Usuario:<\/p><p>El Usuario es responsable de toda actividad que lleve a cabo en la p\u00e1gina y deber\u00e1 notificar al sitio: (i) http:\/\/babysurvivalswim.com de forma inmediata de cualquier uso no autorizado de contrase\u00f1as o cuentas o cualquier otro incumplimiento de la seguridad conocido o que se sospeche; (ii) informar a http:\/\/babysurvivalswim.com de forma inmediata y hacer todo lo posible para detener inmediatamente cualquier copia o distribuci\u00f3n del Contenido de la que tenga conocimiento o sospeche, tanto el Usuario como sus Usuarios secundarios;<\/p><p><span style=\"color: #e08038;\">8.<\/span> Garant\u00eda Cada parte declara que tiene capacidad y autoridad legal para contraer este Contrato. http:\/\/babysurvivalswim.com declara que ofrecer\u00e1 los servicios conforme a los est\u00e1ndares generales del sector aplicables a estas disposiciones y que el Servicio se realizar\u00e1 b\u00e1sicamente de acuerdo con la documentaci\u00f3n de ayuda en l\u00ednea de http:\/\/babysurvivalswim.com en circunstancias normales. El Usuario declara que no ha falsificado su identidad ni ha ofrecido informaci\u00f3n falsa para obtener acceso al Servicio y que su informaci\u00f3n de facturaci\u00f3n es correcta.<\/p><p><span style=\"color: #e08038;\">9.<\/span> Indemnizaci\u00f3n Mutua<\/p><p>EL USUARIO y http:\/\/babysurvivalswim.com, y a se har\u00e1n responsables de cualquier reclamo, costes, da\u00f1os y perjuicios, p\u00e9rdidas, obligaciones y gastos (incluidos los honorarios y las costas) surgidos a ra\u00edz de: (i) una reclamaci\u00f3n derivada el uso de los Datos que infringe los derechos de terceros o ha provocado da\u00f1os a terceros; (ii) una reclamaci\u00f3n que, en caso de ser cierta, constituir\u00eda el incumplimiento de sus declaraciones; o (iii) una reclamaci\u00f3n derivada del incumplimiento de este Contrato por parte del Usuario.<\/p><p><span style=\"color: #e08038;\">10.<\/span> Descargo de Responsabilidad:<\/p><p>EL USUARIO es responsable del uso de la p\u00e1gina y de sus propias opiniones.<\/p><p>Limitaci\u00f3n de Responsabilidad:<\/p><p>EL USUARIO ASUME TODA LA RESPONSABILIDAD DEL USO DEL SITIO Y DE INTERNET. www.babysurvivalswim.com proporciona el sitio y la informaci\u00f3n \u201ctal cual\u201d y no hace ninguna garant\u00eda expresa o impl\u00edcita, representaci\u00f3n o respaldo de cualquier tipo, incluyendo las garant\u00edas de t\u00edtulo o no infracci\u00f3n o las garant\u00edas de comercializaci\u00f3n o idoneidad para un fin particular) con respecto al servicio o los servicios provistos en el sitio. BABYSURVIVAL SWIM no se hace responsable por cualquier da\u00f1o o perjuicio derivado directa o indirectamente por cualquier tipo de uso del sitio que no sea l\u00edcito o que viole los derechos tanto de BABY SURVIVAL SWIM como de terceros.<\/p><p>EN NING\u00daN CASO LA RESPONSABILIDAD TOTAL DE CUALQUIERA DE LAS PARTES PODR\u00c1 EXCEDER LAS CANTIDADES REALMENTE PAGADAS O PENDIENTES EN EL PER\u00cdODO DE DOCE (12) MESES INMEDIATAMENTE ANTERIOR A LA PRESENTACI\u00d3N DE DICHA RECLAMACI\u00d3N. EN NING\u00daN CASO NINGUNA DE LAS PARTES Y\/O SUS LICENCIANTES SER\u00c1N RESPONSABLES ANTE TERCEROS DE DA\u00d1OS INDIRECTOS, PUNITIVOS, ESPECIALES, EJEMPLARES, ACCIDENTALES, EMERGENTES O DE OTRO TIPO (ENTRE LOS QUE SE INCLUYEN LA P\u00c9RDIDA DE DATOS, INGRESOS, BENEFICIOS, USO O DE OTRAS VENTAJAS ECON\u00d3MICAS) DERIVADOS DE O RELACIONADOS DE CUALQUIER MANERA CON ESTE SERVICIO, ENTRE LOS QUE SE INCLUYE EL USO O LA INCAPACIDAD DE UTILIZAR EL SERVICIO, O POR CUALQUIER CONTENIDO OBTENIDO A TRAV\u00c9S DEL SERVICIO, CUALQUIER INTERRUPCI\u00d3N, IMPRECISI\u00d3N, ERROR U OMISI\u00d3N, INDEPENDIENTEMENTE DE LA CAUSA DEL CONTENIDO, INCLUSO SI LA PARTE QUE HA PROVOCADO LOS DA\u00d1OS O LOS LICENCIANTES DE DICHA PARTE HAN ADVERTIDO PREVIAMENTE ACERCA DE LA POSIBILIDAD DE TALES DA\u00d1OS.<\/p><p>Algunos estados y\/o jurisdicciones no permiten la exclusi\u00f3n de las garant\u00edas impl\u00edcitas o la limitaci\u00f3n de responsabilidad por da\u00f1os accidentales, emergentes o de otro tipo, de manera que puede que las exclusiones establecidas anteriormente no sean aplicables.<\/p><p>Soluci\u00f3n de controversias y ley aplicable.<\/p><p>Las partes aceptan que har\u00e1n lo posible por resolver cualquier controversia por medio de la conciliaci\u00f3n o negociaci\u00f3n directa. Si las partes, no llegan a un acuerdo por medio de la conciliaci\u00f3n aceptan que resolver\u00e1n sus controversias por medio de arbitraje de equidad. Si la materia de la controversia no pueda ser arbitrable, las resolver\u00e1n cualquier conflicto por los tribunales de la rep\u00fablica de Guatemala, por lo que renuncian al fuero de sus domicilios y se someten a la jurisdicci\u00f3n de los tribunales de la Rep\u00fablica de Guatemala.<\/p><p>Las leyes aplicables a la utilizaci\u00f3n de la p\u00e1gina son las de la Rep\u00fablica de Guatemala.<\/p><p>Modificaciones:<\/p><p>http:\/\/babysurvivalswim.com se reserva el derecho a modificar las condiciones de este Contrato o sus pol\u00edticas relativas tanto a la p\u00e1gina como al Servicio en cualquier momento, haci\u00e9ndose efectivas tales modificaciones una vez publicadas una versi\u00f3n actualizada. El Usuario ser\u00e1 responsable de la revisi\u00f3n con regularidad de estos t\u00e9rminos y condiciones de uso. El uso continuado de la p\u00e1gina y sus contenidos despu\u00e9s de dichas modificaciones constituir\u00e1 su conformidad con las modificaciones.<\/p>\t\t\t\t\t\t<\/div>\n\t\t\t\t<\/div>\n\t\t\t\t\t<\/div>\n\t\t<\/div>\n\t\t\t\t\t\t\t<\/div>\n\t\t<\/section>\n\t\t\t\t\t\t\t<\/div>\n\t\t","protected":false},"excerpt":{"rendered":"<p>T\u00e9rminos y Condiciones Al acceder o utilizar cualquier servicio de la p\u00e1gina babysurvivalswim.com EL USUARIO ACEPTA los t\u00e9rminos y condiciones [&hellip;]<\/p>\n","protected":false},"author":1,"featured_media":0,"parent":0,"menu_order":0,"comment_status":"closed","ping_status":"closed","template":"","meta":{"site-sidebar-layout":"default","site-content-layout":"","ast-site-content-layout":"","site-content-style":"default","site-sidebar-style":"default","ast-global-header-display":"","ast-banner-title-visibility":"","ast-main-header-display":"","ast-hfb-above-header-display":"","ast-hfb-below-header-display":"","ast-hfb-mobile-header-display":"","site-post-title":"","ast-breadcrumbs-content":"","ast-featured-img":"","footer-sml-layout":"","theme-transparent-header-meta":"","adv-header-id-meta":"","stick-header-meta":"","header-above-stick-meta":"","header-main-stick-meta":"","header-below-stick-meta":"","astra-migrate-meta-layouts":"default","ast-page-background-enabled":"default","ast-page-background-meta":{"desktop":{"background-color":"var(--ast-global-color-4)","background-image":"","background-repeat":"repeat","background-position":"center center","background-size":"auto","background-attachment":"scroll","background-type":"","background-media":"","overlay-type":"","overlay-color":"","overlay-gradient":""},"tablet":{"background-color":"","background-image":"","background-repeat":"repeat","background-position":"center center","background-size":"auto","background-attachment":"scroll","background-type":"","background-media":"","overlay-type":"","overlay-color":"","overlay-gradient":""},"mobile":{"background-color":"","background-image":"","background-repeat":"repeat","background-position":"center center","background-size":"auto","background-attachment":"scroll","background-type":"","background-media":"","overlay-type":"","overlay-color":"","overlay-gradient":""}},"ast-content-background-meta":{"desktop":{"background-color":"var(--ast-global-color-5)","background-image":"","background-repeat":"repeat","background-position":"center center","background-size":"auto","background-attachment":"scroll","background-type":"","background-media":"","overlay-type":"","overlay-color":"","overlay-gradient":""},"tablet":{"background-color":"var(--ast-global-color-5)","background-image":"","background-repeat":"repeat","background-position":"center center","background-size":"auto","background-attachment":"scroll","background-type":"","background-media":"","overlay-type":"","overlay-color":"","overlay-gradient":""},"mobile":{"background-color":"var(--ast-global-color-5)","background-image":"","background-repeat":"repeat","background-position":"center center","background-size":"auto","background-attachment":"scroll","background-type":"","background-media":"","overlay-type":"","overlay-color":"","overlay-gradient":""}},"footnotes":""},"class_list":["post-8504","page","type-page","status-publish","hentry"],"_links":{"self":[{"href":"https:\/\/babysurvivalswim.com\/pruebas\/wp-json\/wp\/v2\/pages\/8504","targetHints":{"allow":["GET"]}}],"collection":[{"href":"https:\/\/babysurvivalswim.com\/pruebas\/wp-json\/wp\/v2\/pages"}],"about":[{"href":"https:\/\/babysurvivalswim.com\/pruebas\/wp-json\/wp\/v2\/types\/page"}],"author":[{"embeddable":true,"href":"https:\/\/babysurvivalswim.com\/pruebas\/wp-json\/wp\/v2\/users\/1"}],"replies":[{"embeddable":true,"href":"https:\/\/babysurvivalswim.com\/pruebas\/wp-json\/wp\/v2\/comments?post=8504"}],"version-history":[{"count":0,"href":"https:\/\/babysurvivalswim.com\/pruebas\/wp-json\/wp\/v2\/pages\/8504\/revisions"}],"wp:attachment":[{"href":"https:\/\/babysurvivalswim.com\/pruebas\/wp-json\/wp\/v2\/media?parent=8504"}],"curies":[{"name":"wp","href":"https:\/\/api.w.org\/{rel}","templated":true}]}}