{"id":8520,"date":"2022-05-12T03:54:58","date_gmt":"2022-05-12T09:54:58","guid":{"rendered":"https:\/\/babysurvivalswim.com\/pruebas\/?page_id=8520"},"modified":"2022-05-27T21:36:25","modified_gmt":"2022-05-28T03:36:25","slug":"certificaciones","status":"publish","type":"page","link":"https:\/\/babysurvivalswim.com\/pruebas\/en\/certificaciones\/","title":{"rendered":"Certificaciones"},"content":{"rendered":"<div data-elementor-type=\"wp-page\" data-elementor-id=\"8520\" class=\"elementor elementor-8520\" data-elementor-post-type=\"page\">\n\t\t\t\t\t\t\t\t\t<section class=\"elementor-section elementor-top-section elementor-element elementor-element-90e794d elementor-section-boxed elementor-section-height-default elementor-section-height-default\" data-id=\"90e794d\" data-element_type=\"section\">\n\t\t\t\t\t\t<div class=\"elementor-container elementor-column-gap-default\">\n\t\t\t\t\t<div class=\"elementor-column elementor-col-100 elementor-top-column elementor-element elementor-element-c509af1\" data-id=\"c509af1\" data-element_type=\"column\">\n\t\t\t<div class=\"elementor-widget-wrap elementor-element-populated\">\n\t\t\t\t\t\t\t\t<div class=\"elementor-element elementor-element-b82d3d5 elementor-widget elementor-widget-text-editor\" data-id=\"b82d3d5\" data-element_type=\"widget\" data-widget_type=\"text-editor.default\">\n\t\t\t\t<div class=\"elementor-widget-container\">\n\t\t\t<style>\/*! elementor - v3.18.0 - 20-12-2023 *\/\n.elementor-widget-text-editor.elementor-drop-cap-view-stacked .elementor-drop-cap{background-color:#69727d;color:#fff}.elementor-widget-text-editor.elementor-drop-cap-view-framed .elementor-drop-cap{color:#69727d;border:3px solid;background-color:transparent}.elementor-widget-text-editor:not(.elementor-drop-cap-view-default) .elementor-drop-cap{margin-top:8px}.elementor-widget-text-editor:not(.elementor-drop-cap-view-default) .elementor-drop-cap-letter{width:1em;height:1em}.elementor-widget-text-editor .elementor-drop-cap{float:left;text-align:center;line-height:1;font-size:50px}.elementor-widget-text-editor .elementor-drop-cap-letter{display:inline-block}<\/style>\t\t\t\t<p><span style=\"font-family: century-bold-2;\">Certificaci\u00f3n<\/span><\/p>\t\t\t\t\t\t<\/div>\n\t\t\t\t<\/div>\n\t\t\t\t<div class=\"elementor-element elementor-element-ec402f6 elementor-widget-divider--view-line elementor-widget elementor-widget-divider\" data-id=\"ec402f6\" data-element_type=\"widget\" data-widget_type=\"divider.default\">\n\t\t\t\t<div class=\"elementor-widget-container\">\n\t\t\t<style>\/*! elementor - v3.18.0 - 20-12-2023 *\/\n.elementor-widget-divider{--divider-border-style:none;--divider-border-width:1px;--divider-color:#0c0d0e;--divider-icon-size:20px;--divider-element-spacing:10px;--divider-pattern-height:24px;--divider-pattern-size:20px;--divider-pattern-url:none;--divider-pattern-repeat:repeat-x}.elementor-widget-divider .elementor-divider{display:flex}.elementor-widget-divider .elementor-divider__text{font-size:15px;line-height:1;max-width:95%}.elementor-widget-divider .elementor-divider__element{margin:0 var(--divider-element-spacing);flex-shrink:0}.elementor-widget-divider .elementor-icon{font-size:var(--divider-icon-size)}.elementor-widget-divider .elementor-divider-separator{display:flex;margin:0;direction:ltr}.elementor-widget-divider--view-line_icon .elementor-divider-separator,.elementor-widget-divider--view-line_text .elementor-divider-separator{align-items:center}.elementor-widget-divider--view-line_icon .elementor-divider-separator:after,.elementor-widget-divider--view-line_icon .elementor-divider-separator:before,.elementor-widget-divider--view-line_text .elementor-divider-separator:after,.elementor-widget-divider--view-line_text .elementor-divider-separator:before{display:block;content:\"\";border-bottom:0;flex-grow:1;border-top:var(--divider-border-width) var(--divider-border-style) var(--divider-color)}.elementor-widget-divider--element-align-left .elementor-divider .elementor-divider-separator>.elementor-divider__svg:first-of-type{flex-grow:0;flex-shrink:100}.elementor-widget-divider--element-align-left .elementor-divider-separator:before{content:none}.elementor-widget-divider--element-align-left .elementor-divider__element{margin-left:0}.elementor-widget-divider--element-align-right .elementor-divider .elementor-divider-separator>.elementor-divider__svg:last-of-type{flex-grow:0;flex-shrink:100}.elementor-widget-divider--element-align-right .elementor-divider-separator:after{content:none}.elementor-widget-divider--element-align-right .elementor-divider__element{margin-right:0}.elementor-widget-divider:not(.elementor-widget-divider--view-line_text):not(.elementor-widget-divider--view-line_icon) .elementor-divider-separator{border-top:var(--divider-border-width) var(--divider-border-style) var(--divider-color)}.elementor-widget-divider--separator-type-pattern{--divider-border-style:none}.elementor-widget-divider--separator-type-pattern.elementor-widget-divider--view-line .elementor-divider-separator,.elementor-widget-divider--separator-type-pattern:not(.elementor-widget-divider--view-line) .elementor-divider-separator:after,.elementor-widget-divider--separator-type-pattern:not(.elementor-widget-divider--view-line) .elementor-divider-separator:before,.elementor-widget-divider--separator-type-pattern:not([class*=elementor-widget-divider--view]) .elementor-divider-separator{width:100%;min-height:var(--divider-pattern-height);-webkit-mask-size:var(--divider-pattern-size) 100%;mask-size:var(--divider-pattern-size) 100%;-webkit-mask-repeat:var(--divider-pattern-repeat);mask-repeat:var(--divider-pattern-repeat);background-color:var(--divider-color);-webkit-mask-image:var(--divider-pattern-url);mask-image:var(--divider-pattern-url)}.elementor-widget-divider--no-spacing{--divider-pattern-size:auto}.elementor-widget-divider--bg-round{--divider-pattern-repeat:round}.rtl .elementor-widget-divider .elementor-divider__text{direction:rtl}.e-con-inner>.elementor-widget-divider,.e-con>.elementor-widget-divider{width:var(--container-widget-width,100%);--flex-grow:var(--container-widget-flex-grow)}<\/style>\t\t<div class=\"elementor-divider\">\n\t\t\t<span class=\"elementor-divider-separator\">\n\t\t\t\t\t\t<\/span>\n\t\t<\/div>\n\t\t\t\t<\/div>\n\t\t\t\t<\/div>\n\t\t\t\t<div class=\"elementor-element elementor-element-b43a86a elementor-widget elementor-widget-text-editor\" data-id=\"b43a86a\" data-element_type=\"widget\" data-widget_type=\"text-editor.default\">\n\t\t\t\t<div class=\"elementor-widget-container\">\n\t\t\t\t\t\t\t<p>\u00bfQuieres certificarte como instructora del m\u00e9todo de auto rescate?<\/p>\n<p>Si quieres emprender en un trabajo diferente y te gustan ni\u00f1os, tienes acceso a una piscina (que cumpla las condiciones ideales) pero no est\u00e1s lista para abrir una franquicia, puedes convertirte en instructora del m\u00e9todo Baby Survival Swim.<\/p>\n<p>*Algunas limitaciones.<\/p>\t\t\t\t\t\t<\/div>\n\t\t\t\t<\/div>\n\t\t\t\t<div class=\"elementor-element elementor-element-ebc6b5e elementor-widget elementor-widget-text-editor\" data-id=\"ebc6b5e\" data-element_type=\"widget\" data-widget_type=\"text-editor.default\">\n\t\t\t\t<div class=\"elementor-widget-container\">\n\t\t\t\t\t\t\t<p><div id=\"quform-cb5b3d\" class=\"quform quform-5 quform-theme-hollow quform-support-page-caching\"><form id=\"quform-form-cb5b3d\" class=\"quform-form quform-form-5\" action=\"\/pruebas\/en\/wp-json\/wp\/v2\/pages\/8520#quform-cb5b3d\" method=\"post\" enctype=\"multipart\/form-data\" novalidate=\"novalidate\" data-options=\"{&quot;id&quot;:5,&quot;uniqueId&quot;:&quot;cb5b3d&quot;,&quot;theme&quot;:&quot;hollow&quot;,&quot;ajax&quot;:true,&quot;logic&quot;:{&quot;logic&quot;:[],&quot;dependents&quot;:[],&quot;elementIds&quot;:[],&quot;dependentElementIds&quot;:[],&quot;animate&quot;:true},&quot;currentPageId&quot;:1,&quot;errorsIcon&quot;:&quot;&quot;,&quot;updateFancybox&quot;:true,&quot;hasPages&quot;:false,&quot;pages&quot;:[1],&quot;pageProgressType&quot;:&quot;numbers&quot;,&quot;tooltipsEnabled&quot;:true,&quot;tooltipClasses&quot;:&quot;qtip-quform-dark qtip-shadow&quot;,&quot;tooltipMy&quot;:&quot;left center&quot;,&quot;tooltipAt&quot;:&quot;right center&quot;,&quot;isRtl&quot;:false,&quot;scrollOffset&quot;:-50,&quot;scrollSpeed&quot;:800}\" data-trp-original-action=\"\/pruebas\/en\/wp-json\/wp\/v2\/pages\/8520#quform-cb5b3d\"><button class=\"quform-default-submit\" name=\"quform_submit\" type=\"submit\" value=\"submit\" aria-hidden=\"true\" tabindex=\"-1\"><\/button><div class=\"quform-form-inner quform-form-inner-5\"><input type=\"hidden\" name=\"quform_form_id\" value=\"5\" \/><input type=\"hidden\" name=\"quform_form_uid\" value=\"cb5b3d\" \/><input type=\"hidden\" name=\"quform_count\" value=\"1\" \/><input type=\"hidden\" name=\"form_url\" value=\"https:\/\/babysurvivalswim.com\/pruebas\/en\/wp-json\/wp\/v2\/pages\/8520\" \/><input type=\"hidden\" name=\"referring_url\" value=\"\" \/><input type=\"hidden\" name=\"post_id\" value=\"\" \/><input type=\"hidden\" name=\"post_title\" value=\"\" \/><input type=\"hidden\" name=\"quform_current_page_id\" value=\"1\" \/><input type=\"hidden\" name=\"quform_csrf_token\" value=\"cfCQw7r2GE0ZZqgrE70BsrUQfYIKyLYryEc786JC\" \/><div class=\"quform-elements quform-elements-5 quform-cf quform-responsive-elements-phone-landscape\"><div class=\"quform-element quform-element-page quform-page-1 quform-page-5_1 quform-cf quform-group-style-plain quform-first-page quform-last-page quform-current-page\"><div class=\"quform-child-elements\"><div class=\"quform-element quform-element-row quform-element-row-5_4 quform-2-columns quform-element-row-size-fixed quform-responsive-columns-phone-landscape\"><div class=\"quform-element quform-element-column quform-element-5_5\"><div class=\"quform-element quform-element-text quform-element-5_3 quform-cf quform-labels-inside quform-element-optional\"><div class=\"quform-spacer\"><div class=\"quform-label quform-label-5_3\"><label class=\"quform-label-text\" for=\"quform_5_3_cb5b3d\">Names<\/label><\/div><div class=\"quform-inner quform-inner-text quform-inner-5_3\"><div class=\"quform-input quform-input-text quform-input-5_3 quform-cf\"><input type=\"text\" id=\"quform_5_3_cb5b3d\" name=\"quform_5_3\" class=\"quform-field quform-field-text quform-field-5_3\" \/><\/div><\/div><\/div><\/div><\/div><div class=\"quform-element quform-element-column quform-element-5_6\"><div class=\"quform-element quform-element-text quform-element-5_7 quform-cf quform-labels-inside quform-element-optional\"><div class=\"quform-spacer\"><div class=\"quform-label quform-label-5_7\"><label class=\"quform-label-text\" for=\"quform_5_7_cb5b3d\">Surnames<\/label><\/div><div class=\"quform-inner quform-inner-text quform-inner-5_7\"><div class=\"quform-input quform-input-text quform-input-5_7 quform-cf\"><input type=\"text\" id=\"quform_5_7_cb5b3d\" name=\"quform_5_7\" class=\"quform-field quform-field-text quform-field-5_7\" \/><\/div><\/div><\/div><\/div><\/div><\/div><div class=\"quform-element quform-element-row quform-element-row-5_8 quform-2-columns quform-element-row-size-fixed quform-responsive-columns-phone-landscape\"><div class=\"quform-element quform-element-column quform-element-5_9\"><div class=\"quform-element quform-element-text quform-element-5_11 quform-cf quform-labels-inside quform-element-optional\"><div class=\"quform-spacer\"><div class=\"quform-label quform-label-5_11\"><label class=\"quform-label-text\" for=\"quform_5_11_cb5b3d\">Telephone<\/label><\/div><div class=\"quform-inner quform-inner-text quform-inner-5_11\"><div class=\"quform-input quform-input-text quform-input-5_11 quform-cf\"><input type=\"text\" id=\"quform_5_11_cb5b3d\" name=\"quform_5_11\" class=\"quform-field quform-field-text quform-field-5_11\" \/><\/div><\/div><\/div><\/div><\/div><div class=\"quform-element quform-element-column quform-element-5_10\"><div class=\"quform-element quform-element-email quform-element-5_12 quform-cf quform-labels-inside quform-element-required\"><div class=\"quform-spacer\"><div class=\"quform-label quform-label-5_12\"><label class=\"quform-label-text\" for=\"quform_5_12_cb5b3d\">Email<span class=\"quform-required\">*<\/span><\/label><\/div><div class=\"quform-inner quform-inner-email quform-inner-5_12\"><div class=\"quform-input quform-input-email quform-input-5_12 quform-cf\"><input type=\"email\" id=\"quform_5_12_cb5b3d\" name=\"quform_5_12\" class=\"quform-field quform-field-email quform-field-5_12\" \/><\/div><\/div><\/div><\/div><\/div><\/div><div class=\"quform-element quform-element-row quform-element-row-5_13 quform-2-columns quform-element-row-size-fixed quform-responsive-columns-phone-landscape\"><div class=\"quform-element quform-element-column quform-element-5_14\"><div class=\"quform-element quform-element-text quform-element-5_16 quform-cf quform-labels-inside quform-element-optional\"><div class=\"quform-spacer\"><div class=\"quform-label quform-label-5_16\"><label class=\"quform-label-text\" for=\"quform_5_16_cb5b3d\">Direction<\/label><\/div><div class=\"quform-inner quform-inner-text quform-inner-5_16\"><div class=\"quform-input quform-input-text quform-input-5_16 quform-cf\"><input type=\"text\" id=\"quform_5_16_cb5b3d\" name=\"quform_5_16\" class=\"quform-field quform-field-text quform-field-5_16\" \/><\/div><\/div><\/div><\/div><\/div><div class=\"quform-element quform-element-column quform-element-5_15\"><div class=\"quform-element quform-element-text quform-element-5_17 quform-cf quform-labels-inside quform-element-optional\"><div class=\"quform-spacer\"><div class=\"quform-label quform-label-5_17\"><label class=\"quform-label-text\" for=\"quform_5_17_cb5b3d\">Country<\/label><\/div><div class=\"quform-inner quform-inner-text quform-inner-5_17\"><div class=\"quform-input quform-input-text quform-input-5_17 quform-cf\"><input type=\"text\" id=\"quform_5_17_cb5b3d\" name=\"quform_5_17\" class=\"quform-field quform-field-text quform-field-5_17\" \/><\/div><\/div><\/div><\/div><\/div><\/div><div class=\"quform-element quform-element-row quform-element-row-5_18 quform-2-columns quform-element-row-size-fixed quform-responsive-columns-phone-landscape\"><div class=\"quform-element quform-element-column quform-element-5_19\"><div class=\"quform-element quform-element-text quform-element-5_21 quform-cf quform-labels-inside quform-element-optional\"><div class=\"quform-spacer\"><div class=\"quform-label quform-label-5_21\"><label class=\"quform-label-text\" for=\"quform_5_21_cb5b3d\">Department | Condition<\/label><\/div><div class=\"quform-inner quform-inner-text quform-inner-5_21\"><div class=\"quform-input quform-input-text quform-input-5_21 quform-cf\"><input type=\"text\" id=\"quform_5_21_cb5b3d\" name=\"quform_5_21\" class=\"quform-field quform-field-text quform-field-5_21\" \/><\/div><\/div><\/div><\/div><\/div><div class=\"quform-element quform-element-column quform-element-5_20\"><div class=\"quform-element quform-element-text quform-element-5_22 quform-cf quform-labels-inside quform-element-optional\"><div class=\"quform-spacer\"><div class=\"quform-label quform-label-5_22\"><label class=\"quform-label-text\" for=\"quform_5_22_cb5b3d\">Postal Code<\/label><\/div><div class=\"quform-inner quform-inner-text quform-inner-5_22\"><div class=\"quform-input quform-input-text quform-input-5_22 quform-cf\"><input type=\"text\" id=\"quform_5_22_cb5b3d\" name=\"quform_5_22\" class=\"quform-field quform-field-text quform-field-5_22\" \/><\/div><\/div><\/div><\/div><\/div><\/div><div class=\"quform-element quform-element-row quform-element-row-5_23 quform-2-columns quform-element-row-size-fixed quform-responsive-columns-phone-landscape\"><div class=\"quform-element quform-element-column quform-element-5_24\"><div class=\"quform-element quform-element-text quform-element-5_26 quform-cf quform-labels-inside quform-element-optional\"><div class=\"quform-spacer\"><div class=\"quform-label quform-label-5_26\"><label class=\"quform-label-text\" for=\"quform_5_26_cb5b3d\">\u00bfYa tiene establecimiento con piscina?<\/label><\/div><div class=\"quform-inner quform-inner-text quform-inner-5_26\"><div class=\"quform-input quform-input-text quform-input-5_26 quform-cf\"><input type=\"text\" id=\"quform_5_26_cb5b3d\" name=\"quform_5_26\" class=\"quform-field quform-field-text quform-field-5_26\" \/><\/div><\/div><\/div><\/div><\/div><div class=\"quform-element quform-element-column quform-element-5_25\"><div class=\"quform-element quform-element-text quform-element-5_27 quform-cf quform-labels-inside quform-element-optional\"><div class=\"quform-spacer\"><div class=\"quform-label quform-label-5_27\"><label class=\"quform-label-text\" for=\"quform_5_27_cb5b3d\">\u00bfDonde se encuentra?<\/label><\/div><div class=\"quform-inner quform-inner-text quform-inner-5_27\"><div class=\"quform-input quform-input-text quform-input-5_27 quform-cf\"><input type=\"text\" id=\"quform_5_27_cb5b3d\" name=\"quform_5_27\" class=\"quform-field quform-field-text quform-field-5_27\" \/><\/div><\/div><\/div><\/div><\/div><\/div><div class=\"quform-element quform-element-row quform-element-row-5_49 quform-2-columns quform-element-row-size-fixed quform-responsive-columns-phone-landscape\"><div class=\"quform-element quform-element-column quform-element-5_50\"><div class=\"quform-element quform-element-text quform-element-5_51 quform-cf quform-labels-inside quform-element-optional\"><div class=\"quform-spacer\"><div class=\"quform-label quform-label-5_51\"><label class=\"quform-label-text\" for=\"quform_5_51_cb5b3d\">\u00bfTiene experiencia previa?<\/label><\/div><div class=\"quform-inner quform-inner-text quform-inner-5_51\"><div class=\"quform-input quform-input-text quform-input-5_51 quform-cf\"><input type=\"text\" id=\"quform_5_51_cb5b3d\" name=\"quform_5_51\" class=\"quform-field quform-field-text quform-field-5_51\" \/><\/div><\/div><\/div><\/div><\/div><div class=\"quform-element quform-element-column quform-element-5_52\"><div class=\"quform-element quform-element-text quform-element-5_53 quform-cf quform-labels-inside quform-element-optional\"><div class=\"quform-spacer\"><div class=\"quform-label quform-label-5_53\"><label class=\"quform-label-text\" for=\"quform_5_53_cb5b3d\">\u00bfDonde se encuentra?<\/label><\/div><div class=\"quform-inner quform-inner-text quform-inner-5_53\"><div class=\"quform-input quform-input-text quform-input-5_53 quform-cf\"><input type=\"text\" id=\"quform_5_53_cb5b3d\" name=\"quform_5_53\" class=\"quform-field quform-field-text quform-field-5_53\" \/><\/div><\/div><\/div><\/div><\/div><\/div><div class=\"quform-element quform-element-row quform-element-row-5_30 quform-2-columns quform-element-row-size-fixed quform-responsive-columns-phone-landscape\"><div class=\"quform-element quform-element-column quform-element-5_31\"><div class=\"quform-element quform-element-text quform-element-5_33 quform-cf quform-labels-inside quform-element-optional\"><div class=\"quform-spacer\"><div class=\"quform-label quform-label-5_33\"><label class=\"quform-label-text\" for=\"quform_5_33_cb5b3d\">How did you hear about us? <\/label><\/div><div class=\"quform-inner quform-inner-text quform-inner-5_33\"><div class=\"quform-input quform-input-text quform-input-5_33 quform-cf\"><input type=\"text\" id=\"quform_5_33_cb5b3d\" name=\"quform_5_33\" class=\"quform-field quform-field-text quform-field-5_33\" \/><\/div><\/div><\/div><\/div><\/div><div class=\"quform-element quform-element-column quform-element-5_32\"><div class=\"quform-element quform-element-text quform-element-5_34 quform-cf quform-labels-inside quform-element-optional\"><div class=\"quform-spacer\"><div class=\"quform-label quform-label-5_34\"><label class=\"quform-label-text\" for=\"quform_5_34_cb5b3d\">How many franchises are you interested in?<\/label><\/div><div class=\"quform-inner quform-inner-text quform-inner-5_34\"><div class=\"quform-input quform-input-text quform-input-5_34 quform-cf\"><input type=\"text\" id=\"quform_5_34_cb5b3d\" name=\"quform_5_34\" class=\"quform-field quform-field-text quform-field-5_34\" \/><\/div><\/div><\/div><\/div><\/div><\/div><div class=\"quform-element quform-element-row quform-element-row-5_42 quform-1-columns quform-element-row-size-fixed quform-responsive-columns-phone-landscape\"><div class=\"quform-element quform-element-column quform-element-5_43\"><div class=\"quform-element quform-element-text quform-element-5_45 quform-cf quform-labels-inside quform-element-optional\"><div class=\"quform-spacer\"><div class=\"quform-label quform-label-5_45\"><label class=\"quform-label-text\" for=\"quform_5_45_cb5b3d\">Entity type<\/label><\/div><div class=\"quform-inner quform-inner-text quform-inner-5_45\"><div class=\"quform-input quform-input-text quform-input-5_45 quform-cf\"><input type=\"text\" id=\"quform_5_45_cb5b3d\" name=\"quform_5_45\" class=\"quform-field quform-field-text quform-field-5_45\" \/><\/div><\/div><\/div><\/div><\/div><\/div><div class=\"quform-element quform-element-textarea quform-element-5_48 quform-cf quform-labels-inside quform-element-optional\"><div class=\"quform-spacer\"><div class=\"quform-label quform-label-5_48\"><label class=\"quform-label-text\" for=\"quform_5_48_cb5b3d\">Additional notes<\/label><\/div><div class=\"quform-inner quform-inner-textarea quform-inner-5_48\"><div class=\"quform-input quform-input-textarea quform-input-5_48 quform-cf\"><textarea id=\"quform_5_48_cb5b3d\" name=\"quform_5_48\" class=\"quform-field quform-field-textarea quform-field-5_48\"><\/textarea><\/div><\/div><\/div><\/div><div class=\"quform-element quform-element-submit quform-element-5_2 quform-cf quform-button-style-hollow\"><div class=\"quform-button-submit quform-button-submit-default quform-button-submit-5_2\"><button name=\"quform_submit\" type=\"submit\" class=\"quform-submit\" value=\"submit\"><span class=\"quform-button-text quform-button-submit-text\">Send<\/span><\/button><\/div><div class=\"quform-loading quform-loading-position-left quform-loading-type-spinner-1\"><div class=\"quform-loading-inner\"><div class=\"quform-loading-spinner\"><div class=\"quform-loading-spinner-inner\"><\/div><\/div><\/div><\/div><\/div><div class=\"quform-element-tree\"><label for=\"quform_5_0_cb5b3d\">This field should be left blank<\/label><input type=\"text\" id=\"quform_5_0_cb5b3d\" name=\"quform_5_0\" class=\"quform-field quform-field-tree quform-field-5_0\" tabindex=\"-1\" autocomplete=\"off\" \/><\/div><\/div><\/div><\/div><\/div><input type=\"hidden\" name=\"trp-form-language\" value=\"en\"\/><\/form><\/div><\/p>\t\t\t\t\t\t<\/div>\n\t\t\t\t<\/div>\n\t\t\t\t\t<\/div>\n\t\t<\/div>\n\t\t\t\t\t\t\t<\/div>\n\t\t<\/section>\n\t\t\t\t\t\t\t<\/div>","protected":false},"excerpt":{"rendered":"<p>Certificaci\u00f3n \u00bfQuieres certificarte como instructora del m\u00e9todo de auto rescate? Si quieres emprender en un trabajo diferente y te gustan [&hellip;]<\/p>","protected":false},"author":1,"featured_media":0,"parent":0,"menu_order":0,"comment_status":"closed","ping_status":"closed","template":"","meta":{"site-sidebar-layout":"default","site-content-layout":"","ast-site-content-layout":"","site-content-style":"default","site-sidebar-style":"default","ast-global-header-display":"","ast-banner-title-visibility":"","ast-main-header-display":"","ast-hfb-above-header-display":"","ast-hfb-below-header-display":"","ast-hfb-mobile-header-display":"","site-post-title":"","ast-breadcrumbs-content":"","ast-featured-img":"","footer-sml-layout":"","theme-transparent-header-meta":"","adv-header-id-meta":"","stick-header-meta":"","header-above-stick-meta":"","header-main-stick-meta":"","header-below-stick-meta":"","astra-migrate-meta-layouts":"default","ast-page-background-enabled":"default","ast-page-background-meta":{"desktop":{"background-color":"var(--ast-global-color-4)","background-image":"","background-repeat":"repeat","background-position":"center center","background-size":"auto","background-attachment":"scroll","background-type":"","background-media":"","overlay-type":"","overlay-color":"","overlay-gradient":""},"tablet":{"background-color":"","background-image":"","background-repeat":"repeat","background-position":"center center","background-size":"auto","background-attachment":"scroll","background-type":"","background-media":"","overlay-type":"","overlay-color":"","overlay-gradient":""},"mobile":{"background-color":"","background-image":"","background-repeat":"repeat","background-position":"center center","background-size":"auto","background-attachment":"scroll","background-type":"","background-media":"","overlay-type":"","overlay-color":"","overlay-gradient":""}},"ast-content-background-meta":{"desktop":{"background-color":"var(--ast-global-color-5)","background-image":"","background-repeat":"repeat","background-position":"center center","background-size":"auto","background-attachment":"scroll","background-type":"","background-media":"","overlay-type":"","overlay-color":"","overlay-gradient":""},"tablet":{"background-color":"var(--ast-global-color-5)","background-image":"","background-repeat":"repeat","background-position":"center center","background-size":"auto","background-attachment":"scroll","background-type":"","background-media":"","overlay-type":"","overlay-color":"","overlay-gradient":""},"mobile":{"background-color":"var(--ast-global-color-5)","background-image":"","background-repeat":"repeat","background-position":"center center","background-size":"auto","background-attachment":"scroll","background-type":"","background-media":"","overlay-type":"","overlay-color":"","overlay-gradient":""}},"footnotes":""},"class_list":["post-8520","page","type-page","status-publish","hentry"],"_links":{"self":[{"href":"https:\/\/babysurvivalswim.com\/pruebas\/en\/wp-json\/wp\/v2\/pages\/8520","targetHints":{"allow":["GET"]}}],"collection":[{"href":"https:\/\/babysurvivalswim.com\/pruebas\/en\/wp-json\/wp\/v2\/pages"}],"about":[{"href":"https:\/\/babysurvivalswim.com\/pruebas\/en\/wp-json\/wp\/v2\/types\/page"}],"author":[{"embeddable":true,"href":"https:\/\/babysurvivalswim.com\/pruebas\/en\/wp-json\/wp\/v2\/users\/1"}],"replies":[{"embeddable":true,"href":"https:\/\/babysurvivalswim.com\/pruebas\/en\/wp-json\/wp\/v2\/comments?post=8520"}],"version-history":[{"count":0,"href":"https:\/\/babysurvivalswim.com\/pruebas\/en\/wp-json\/wp\/v2\/pages\/8520\/revisions"}],"wp:attachment":[{"href":"https:\/\/babysurvivalswim.com\/pruebas\/en\/wp-json\/wp\/v2\/media?parent=8520"}],"curies":[{"name":"wp","href":"https:\/\/api.w.org\/{rel}","templated":true}]}}