{"id":8165,"date":"2022-05-07T23:54:20","date_gmt":"2022-05-08T05:54:20","guid":{"rendered":"https:\/\/babysurvivalswim.com\/pruebas\/request-quote\/"},"modified":"2023-02-28T02:56:07","modified_gmt":"2023-02-28T08:56:07","slug":"formulario-de-inscripcion","status":"publish","type":"page","link":"https:\/\/babysurvivalswim.com\/pruebas\/en\/formulario-de-inscripcion\/","title":{"rendered":"Formulario de inscripci\u00f3n"},"content":{"rendered":"<div data-elementor-type=\"wp-page\" data-elementor-id=\"8165\" class=\"elementor elementor-8165\" data-elementor-post-type=\"page\">\n\t\t\t\t\t\t\t\t\t<section class=\"elementor-section elementor-top-section elementor-element elementor-element-6aada14 elementor-section-boxed elementor-section-height-default elementor-section-height-default\" data-id=\"6aada14\" data-element_type=\"section\">\n\t\t\t\t\t\t<div class=\"elementor-container elementor-column-gap-default\">\n\t\t\t\t\t<div class=\"elementor-column elementor-col-100 elementor-top-column elementor-element elementor-element-b84a5ac\" data-id=\"b84a5ac\" data-element_type=\"column\">\n\t\t\t<div class=\"elementor-widget-wrap elementor-element-populated\">\n\t\t\t\t\t\t\t\t<div class=\"elementor-element elementor-element-4e60a8a elementor-widget elementor-widget-text-editor\" data-id=\"4e60a8a\" data-element_type=\"widget\" data-widget_type=\"text-editor.default\">\n\t\t\t\t<div class=\"elementor-widget-container\">\n\t\t\t<style>\/*! elementor - v3.18.0 - 20-12-2023 *\/\n.elementor-widget-text-editor.elementor-drop-cap-view-stacked .elementor-drop-cap{background-color:#69727d;color:#fff}.elementor-widget-text-editor.elementor-drop-cap-view-framed .elementor-drop-cap{color:#69727d;border:3px solid;background-color:transparent}.elementor-widget-text-editor:not(.elementor-drop-cap-view-default) .elementor-drop-cap{margin-top:8px}.elementor-widget-text-editor:not(.elementor-drop-cap-view-default) .elementor-drop-cap-letter{width:1em;height:1em}.elementor-widget-text-editor .elementor-drop-cap{float:left;text-align:center;line-height:1;font-size:50px}.elementor-widget-text-editor .elementor-drop-cap-letter{display:inline-block}<\/style>\t\t\t\t<div class=\"wpforms-container wpforms-container-full\" id=\"wpforms-8168\"><form id=\"wpforms-form-8168\" class=\"wpforms-validate wpforms-form wpforms-ajax-form\" data-formid=\"8168\" method=\"post\" enctype=\"multipart\/form-data\" action=\"\/pruebas\/en\/wp-json\/wp\/v2\/pages\/8165\" data-token=\"5c561c3d517e1fa3e8eca8f1e08441e4\" data-trp-original-action=\"\/pruebas\/en\/wp-json\/wp\/v2\/pages\/8165\"><noscript class=\"wpforms-error-noscript\">Please enable JavaScript in your browser to complete this form.<\/noscript><div class=\"wpforms-field-container\"><div id=\"wpforms-8168-field_36-container\" class=\"wpforms-field wpforms-field-text\" data-field-id=\"36\"><label class=\"wpforms-field-label\" for=\"wpforms-8168-field_36\">Nombre del padre <span class=\"wpforms-required-label\">*<\/span><\/label><input type=\"text\" id=\"wpforms-8168-field_36\" class=\"wpforms-field-large wpforms-field-required\" name=\"wpforms[fields][36]\" required><\/div><div id=\"wpforms-8168-field_37-container\" class=\"wpforms-field wpforms-field-text\" data-field-id=\"37\"><label class=\"wpforms-field-label\" for=\"wpforms-8168-field_37\">Nombre de la madre <span class=\"wpforms-required-label\">*<\/span><\/label><input type=\"text\" id=\"wpforms-8168-field_37\" class=\"wpforms-field-large wpforms-field-required\" name=\"wpforms[fields][37]\" required><\/div><div id=\"wpforms-8168-field_3-container\" class=\"wpforms-field wpforms-field-text\" data-field-id=\"3\"><label class=\"wpforms-field-label\" for=\"wpforms-8168-field_3\">Direction <span class=\"wpforms-required-label\">*<\/span><\/label><input type=\"text\" id=\"wpforms-8168-field_3\" class=\"wpforms-field-large wpforms-field-required\" name=\"wpforms[fields][3]\" required><\/div><div id=\"wpforms-8168-field_4-container\" class=\"wpforms-field wpforms-field-email\" data-field-id=\"4\"><label class=\"wpforms-field-label\" for=\"wpforms-8168-field_4\">Email <span class=\"wpforms-required-label\">*<\/span><\/label><input type=\"email\" id=\"wpforms-8168-field_4\" class=\"wpforms-field-large wpforms-field-required\" name=\"wpforms[fields][4]\" required><\/div><div id=\"wpforms-8168-field_5-container\" class=\"wpforms-field wpforms-field-phone\" data-field-id=\"5\"><label class=\"wpforms-field-label\" for=\"wpforms-8168-field_5\">Tel\u00e9fono de casa<\/label><input type=\"tel\" id=\"wpforms-8168-field_5\" class=\"wpforms-field-large wpforms-smart-phone-field\" data-rule-smart-phone-field=\"true\" name=\"wpforms[fields][5]\" ><\/div><div id=\"wpforms-8168-field_6-container\" class=\"wpforms-field wpforms-field-phone\" data-field-id=\"6\"><label class=\"wpforms-field-label\" for=\"wpforms-8168-field_6\">Tel\u00e9fono celular<\/label><input type=\"tel\" id=\"wpforms-8168-field_6\" class=\"wpforms-field-large wpforms-smart-phone-field\" data-rule-smart-phone-field=\"true\" name=\"wpforms[fields][6]\" ><\/div><div id=\"wpforms-8168-field_7-container\" class=\"wpforms-field wpforms-field-name\" data-field-id=\"7\"><label class=\"wpforms-field-label\" for=\"wpforms-8168-field_7\">Nombre del ni\u00f1o <span class=\"wpforms-required-label\">*<\/span><\/label><div class=\"wpforms-field-row wpforms-field-large\"><div class=\"wpforms-field-row-block wpforms-first wpforms-two-fifths\"><input type=\"text\" id=\"wpforms-8168-field_7\" class=\"wpforms-field-name-first wpforms-field-required\" name=\"wpforms[fields][7][first]\" required><label for=\"wpforms-8168-field_7\" class=\"wpforms-field-sublabel after\">First<\/label><\/div><div class=\"wpforms-field-row-block wpforms-one-fifth\"><input type=\"text\" id=\"wpforms-8168-field_7-middle\" class=\"wpforms-field-name-middle\" name=\"wpforms[fields][7][middle]\" ><label for=\"wpforms-8168-field_7-middle\" class=\"wpforms-field-sublabel after\">Middle<\/label><\/div><div class=\"wpforms-field-row-block wpforms-two-fifths\"><input type=\"text\" id=\"wpforms-8168-field_7-last\" class=\"wpforms-field-name-last wpforms-field-required\" name=\"wpforms[fields][7][last]\" required><label for=\"wpforms-8168-field_7-last\" class=\"wpforms-field-sublabel after\">Last<\/label><\/div><\/div><\/div><div id=\"wpforms-8168-field_8-container\" class=\"wpforms-field wpforms-field-date-time\" data-field-id=\"8\"><label class=\"wpforms-field-label\" for=\"wpforms-8168-field_8\">Fecha de nacimiento <span class=\"wpforms-required-label\">*<\/span><\/label><div class=\"wpforms-datepicker-wrap\"><input type=\"text\" id=\"wpforms-8168-field_8\" class=\"wpforms-field-date-time-date wpforms-datepicker wpforms-field-required wpforms-field-large\" data-date-format=\"d\/m\/Y\" data-disable-past-dates=\"0\" data-input=\"true\" name=\"wpforms[fields][8][date]\" required><a title=\"Clear Date\" data-clear class=\"wpforms-datepicker-clear\" style=\"display:none;\"><\/a><\/div><\/div><div id=\"wpforms-8168-field_9-container\" class=\"wpforms-field wpforms-field-number\" data-field-id=\"9\"><label class=\"wpforms-field-label\" for=\"wpforms-8168-field_9\">Edad <span class=\"wpforms-required-label\">*<\/span><\/label><input type=\"number\" pattern=\"\\d*\" id=\"wpforms-8168-field_9\" class=\"wpforms-field-large wpforms-field-required\" name=\"wpforms[fields][9]\" required><\/div><div id=\"wpforms-8168-field_10-container\" class=\"wpforms-field wpforms-field-text\" data-field-id=\"10\"><label class=\"wpforms-field-label\" for=\"wpforms-8168-field_10\">Nombre del m\u00e9dico <span class=\"wpforms-required-label\">*<\/span><\/label><input type=\"text\" id=\"wpforms-8168-field_10\" class=\"wpforms-field-large wpforms-field-required\" name=\"wpforms[fields][10]\" required><\/div><div id=\"wpforms-8168-field_11-container\" class=\"wpforms-field wpforms-field-phone\" data-field-id=\"11\"><label class=\"wpforms-field-label\" for=\"wpforms-8168-field_11\">Tel\u00e9fono del m\u00e9dico<\/label><input type=\"tel\" id=\"wpforms-8168-field_11\" class=\"wpforms-field-large wpforms-smart-phone-field\" data-rule-smart-phone-field=\"true\" name=\"wpforms[fields][11]\" ><\/div><div id=\"wpforms-8168-field_13-container\" class=\"wpforms-field wpforms-field-html\" data-field-id=\"13\"><div id=\"wpforms-8168-field_13\"><span style=\"font-size: 18pt;\">Cuestionario Medical<\/span><\/div><\/div><div id=\"wpforms-8168-field_14-container\" class=\"wpforms-field wpforms-field-html\" data-field-id=\"14\"><div id=\"wpforms-8168-field_14\"><span style=\"font-size: 18pt;\">OIDOS:<\/span><\/div><\/div><div id=\"wpforms-8168-field_15-container\" class=\"wpforms-field wpforms-field-radio\" data-field-id=\"15\"><label class=\"wpforms-field-label\" for=\"wpforms-8168-field_15\">\u00bfInfecciones cr\u00f3nicas del o\u00eddo, pasadas o actuales?  <span class=\"wpforms-required-label\">*<\/span><\/label><ul id=\"wpforms-8168-field_15\" class=\"wpforms-field-required\"><li class=\"choice-1 depth-1\"><input type=\"radio\" id=\"wpforms-8168-field_15_1\" name=\"wpforms[fields][15]\" value=\"Si \" required><label class=\"wpforms-field-label-inline\" for=\"wpforms-8168-field_15_1\">Si <\/label><\/li><li class=\"choice-2 depth-1\"><input type=\"radio\" id=\"wpforms-8168-field_15_2\" name=\"wpforms[fields][15]\" value=\"No\" required><label class=\"wpforms-field-label-inline\" for=\"wpforms-8168-field_15_2\">No<\/label><\/li><\/ul><\/div><div id=\"wpforms-8168-field_19-container\" class=\"wpforms-field wpforms-field-text\" data-field-id=\"19\"><label class=\"wpforms-field-label\" for=\"wpforms-8168-field_19\">Si la respuesta es si, agregar una explicaci\u00f3n <\/label><input type=\"text\" id=\"wpforms-8168-field_19\" class=\"wpforms-field-large\" name=\"wpforms[fields][19]\" ><\/div><div id=\"wpforms-8168-field_17-container\" class=\"wpforms-field wpforms-field-html\" data-field-id=\"17\"><div id=\"wpforms-8168-field_17\"><span style=\"font-size: 18pt;\">OJOS:<\/span><\/div><\/div><div id=\"wpforms-8168-field_18-container\" class=\"wpforms-field wpforms-field-radio wpforms-list-2-columns\" data-field-id=\"18\"><label class=\"wpforms-field-label\" for=\"wpforms-8168-field_18\">\u00bfSensibles? Ojos irritados con frecuencia u otros?  <span class=\"wpforms-required-label\">*<\/span><\/label><ul id=\"wpforms-8168-field_18\" class=\"wpforms-field-required\"><li class=\"choice-1 depth-1\"><input type=\"radio\" id=\"wpforms-8168-field_18_1\" name=\"wpforms[fields][18]\" value=\"Si \" required><label class=\"wpforms-field-label-inline\" for=\"wpforms-8168-field_18_1\">Si <\/label><\/li><li class=\"choice-2 depth-1\"><input type=\"radio\" id=\"wpforms-8168-field_18_2\" name=\"wpforms[fields][18]\" value=\"No\" required><label class=\"wpforms-field-label-inline\" for=\"wpforms-8168-field_18_2\">No<\/label><\/li><\/ul><\/div><div id=\"wpforms-8168-field_16-container\" class=\"wpforms-field wpforms-field-text\" data-field-id=\"16\"><label class=\"wpforms-field-label\" for=\"wpforms-8168-field_16\">Si la respuesta es si, agregar una explicaci\u00f3n<\/label><input type=\"text\" id=\"wpforms-8168-field_16\" class=\"wpforms-field-large\" name=\"wpforms[fields][16]\" ><\/div><div id=\"wpforms-8168-field_20-container\" class=\"wpforms-field wpforms-field-html\" data-field-id=\"20\"><div id=\"wpforms-8168-field_20\"><span style=\"font-size: 18pt;\">APARATO RESPIRATORIO \/ SINUSITIS: <\/span><\/div><\/div><div id=\"wpforms-8168-field_21-container\" class=\"wpforms-field wpforms-field-radio wpforms-list-2-columns\" data-field-id=\"21\"><label class=\"wpforms-field-label\" for=\"wpforms-8168-field_21\">\u00bfInfecciones cr\u00f3nicas actuales o en el pasado? <span class=\"wpforms-required-label\">*<\/span><\/label><ul id=\"wpforms-8168-field_21\" class=\"wpforms-field-required\"><li class=\"choice-1 depth-1\"><input type=\"radio\" id=\"wpforms-8168-field_21_1\" name=\"wpforms[fields][21]\" value=\"Si \" required><label class=\"wpforms-field-label-inline\" for=\"wpforms-8168-field_21_1\">Si <\/label><\/li><li class=\"choice-2 depth-1\"><input type=\"radio\" id=\"wpforms-8168-field_21_2\" name=\"wpforms[fields][21]\" value=\"No\" required><label class=\"wpforms-field-label-inline\" for=\"wpforms-8168-field_21_2\">No<\/label><\/li><\/ul><\/div><div id=\"wpforms-8168-field_22-container\" class=\"wpforms-field wpforms-field-radio wpforms-list-2-columns\" data-field-id=\"22\"><label class=\"wpforms-field-label\" for=\"wpforms-8168-field_22\">\u00bfSangramiento de nariz? <span class=\"wpforms-required-label\">*<\/span><\/label><ul id=\"wpforms-8168-field_22\" class=\"wpforms-field-required\"><li class=\"choice-1 depth-1\"><input type=\"radio\" id=\"wpforms-8168-field_22_1\" name=\"wpforms[fields][22]\" value=\"Si \" required><label class=\"wpforms-field-label-inline\" for=\"wpforms-8168-field_22_1\">Si <\/label><\/li><li class=\"choice-2 depth-1\"><input type=\"radio\" id=\"wpforms-8168-field_22_2\" name=\"wpforms[fields][22]\" value=\"No\" required><label class=\"wpforms-field-label-inline\" for=\"wpforms-8168-field_22_2\">No<\/label><\/li><\/ul><\/div><div id=\"wpforms-8168-field_23-container\" class=\"wpforms-field wpforms-field-text\" data-field-id=\"23\"><label class=\"wpforms-field-label\" for=\"wpforms-8168-field_23\">\u00bfOtros?<\/label><input type=\"text\" id=\"wpforms-8168-field_23\" class=\"wpforms-field-large\" name=\"wpforms[fields][23]\" ><\/div><div id=\"wpforms-8168-field_24-container\" class=\"wpforms-field wpforms-field-html\" data-field-id=\"24\"><div id=\"wpforms-8168-field_24\"><span style=\"font-size: 18pt;\">ALERGIAS Y ASMA: <\/span><\/div><\/div><div id=\"wpforms-8168-field_25-container\" class=\"wpforms-field wpforms-field-text\" data-field-id=\"25\"><label class=\"wpforms-field-label\" for=\"wpforms-8168-field_25\">\u00bfPasadas o actuales?<\/label><input type=\"text\" id=\"wpforms-8168-field_25\" class=\"wpforms-field-large\" name=\"wpforms[fields][25]\" ><\/div><div id=\"wpforms-8168-field_26-container\" class=\"wpforms-field wpforms-field-text\" data-field-id=\"26\"><label class=\"wpforms-field-label\" for=\"wpforms-8168-field_26\">\u00bfA qu\u00e9?<\/label><input type=\"text\" id=\"wpforms-8168-field_26\" class=\"wpforms-field-large\" name=\"wpforms[fields][26]\" ><\/div><div id=\"wpforms-8168-field_29-container\" class=\"wpforms-field wpforms-field-textarea\" data-field-id=\"29\"><label class=\"wpforms-field-label\" for=\"wpforms-8168-field_29\">\u00bfAlguna condici\u00f3n importante de salud de su hijo(a)?<\/label><textarea id=\"wpforms-8168-field_29\" class=\"wpforms-field-large\" name=\"wpforms[fields][29]\" ><\/textarea><\/div><div id=\"wpforms-8168-field_30-container\" class=\"wpforms-field wpforms-field-textarea\" data-field-id=\"30\"><label class=\"wpforms-field-label\" for=\"wpforms-8168-field_30\">\u00bfAntecedentes medicales importantes y del nacimiento de su hijo(a) p.e. ces\u00e1rea, Prematuro, complicaciones, etc.?<\/label><textarea id=\"wpforms-8168-field_30\" class=\"wpforms-field-large\" name=\"wpforms[fields][30]\" ><\/textarea><\/div><div id=\"wpforms-8168-field_31-container\" class=\"wpforms-field wpforms-field-text\" data-field-id=\"31\"><label class=\"wpforms-field-label\" for=\"wpforms-8168-field_31\">\u00bfAlguna otra informaci\u00f3n que considere importante que yo sepa?<\/label><input type=\"text\" id=\"wpforms-8168-field_31\" class=\"wpforms-field-large\" name=\"wpforms[fields][31]\" ><\/div><div id=\"wpforms-8168-field_32-container\" class=\"wpforms-field wpforms-field-html\" data-field-id=\"32\"><div id=\"wpforms-8168-field_32\"><span style=\"font-size: 14pt;\">Si su hijo ha tenido alguna afecci\u00f3n respiratoria aguda en las \u00faltimas 6 semanas, cons\u00faltele a su m\u00e9dico ya que puede darse un \u201cespasmo lar\u00edngeo.<\/span><\/div><\/div><div id=\"wpforms-8168-field_38-container\" class=\"wpforms-field wpforms-field-checkbox\" data-field-id=\"38\"><label class=\"wpforms-field-label\" for=\"wpforms-8168-field_38\">Asumo la responsabilidad de mi salud y la de mi hijo durante las clases de nataci\u00f3n, acepto el contrato de servicios  <span class=\"wpforms-required-label\">*<\/span><\/label><ul id=\"wpforms-8168-field_38\" class=\"wpforms-field-required\"><li class=\"choice-1 depth-1\"><input type=\"checkbox\" id=\"wpforms-8168-field_38_1\" name=\"wpforms[fields][38][]\" value=\"Acepto contrato se servicios \" required><label class=\"wpforms-field-label-inline\" for=\"wpforms-8168-field_38_1\">Acepto contrato se servicios <\/label><\/li><\/ul><div class=\"wpforms-field-description\"><a href=\"https:\/\/babysurvivalswim.com\/pruebas\/en\/contrato-de-servicio\/\">Contrato de servicios<\/a><\/div><\/div><\/div><div class=\"wpforms-submit-container\"><input type=\"hidden\" name=\"wpforms[id]\" value=\"8168\"><input type=\"hidden\" name=\"wpforms[author]\" value=\"1\"><button type=\"submit\" name=\"wpforms[submit]\" id=\"wpforms-submit-8168\" class=\"wpforms-submit\" data-alt-text=\"Enviando...\" data-submit-text=\"Enviar\" aria-live=\"assertive\" value=\"wpforms-submit\">Send<\/button><img decoding=\"async\" src=\"https:\/\/babysurvivalswim.com\/pruebas\/wp-content\/plugins\/wpforms\/assets\/images\/submit-spin.svg\" class=\"wpforms-submit-spinner\" style=\"display: none;\" width=\"26\" height=\"26\" alt=\"\"><\/div><input type=\"hidden\" name=\"trp-form-language\" value=\"en\"\/><\/form><\/div>  <!-- .wpforms-container -->\t\t\t\t\t\t<\/div>\n\t\t\t\t<\/div>\n\t\t\t\t\t<\/div>\n\t\t<\/div>\n\t\t\t\t\t\t\t<\/div>\n\t\t<\/section>\n\t\t\t\t\t\t\t<\/div>","protected":false},"excerpt":{"rendered":"","protected":false},"author":1,"featured_media":0,"parent":0,"menu_order":0,"comment_status":"closed","ping_status":"closed","template":"","meta":{"site-sidebar-layout":"default","site-content-layout":"","ast-site-content-layout":"","site-content-style":"default","site-sidebar-style":"default","ast-global-header-display":"","ast-banner-title-visibility":"","ast-main-header-display":"","ast-hfb-above-header-display":"","ast-hfb-below-header-display":"","ast-hfb-mobile-header-display":"","site-post-title":"","ast-breadcrumbs-content":"","ast-featured-img":"","footer-sml-layout":"","theme-transparent-header-meta":"","adv-header-id-meta":"","stick-header-meta":"","header-above-stick-meta":"","header-main-stick-meta":"","header-below-stick-meta":"","astra-migrate-meta-layouts":"default","ast-page-background-enabled":"default","ast-page-background-meta":{"desktop":{"background-color":"var(--ast-global-color-4)","background-image":"","background-repeat":"repeat","background-position":"center center","background-size":"auto","background-attachment":"scroll","background-type":"","background-media":"","overlay-type":"","overlay-color":"","overlay-gradient":""},"tablet":{"background-color":"","background-image":"","background-repeat":"repeat","background-position":"center center","background-size":"auto","background-attachment":"scroll","background-type":"","background-media":"","overlay-type":"","overlay-color":"","overlay-gradient":""},"mobile":{"background-color":"","background-image":"","background-repeat":"repeat","background-position":"center center","background-size":"auto","background-attachment":"scroll","background-type":"","background-media":"","overlay-type":"","overlay-color":"","overlay-gradient":""}},"ast-content-background-meta":{"desktop":{"background-color":"var(--ast-global-color-5)","background-image":"","background-repeat":"repeat","background-position":"center center","background-size":"auto","background-attachment":"scroll","background-type":"","background-media":"","overlay-type":"","overlay-color":"","overlay-gradient":""},"tablet":{"background-color":"var(--ast-global-color-5)","background-image":"","background-repeat":"repeat","background-position":"center center","background-size":"auto","background-attachment":"scroll","background-type":"","background-media":"","overlay-type":"","overlay-color":"","overlay-gradient":""},"mobile":{"background-color":"var(--ast-global-color-5)","background-image":"","background-repeat":"repeat","background-position":"center center","background-size":"auto","background-attachment":"scroll","background-type":"","background-media":"","overlay-type":"","overlay-color":"","overlay-gradient":""}},"footnotes":""},"class_list":["post-8165","page","type-page","status-publish","hentry"],"_links":{"self":[{"href":"https:\/\/babysurvivalswim.com\/pruebas\/en\/wp-json\/wp\/v2\/pages\/8165","targetHints":{"allow":["GET"]}}],"collection":[{"href":"https:\/\/babysurvivalswim.com\/pruebas\/en\/wp-json\/wp\/v2\/pages"}],"about":[{"href":"https:\/\/babysurvivalswim.com\/pruebas\/en\/wp-json\/wp\/v2\/types\/page"}],"author":[{"embeddable":true,"href":"https:\/\/babysurvivalswim.com\/pruebas\/en\/wp-json\/wp\/v2\/users\/1"}],"replies":[{"embeddable":true,"href":"https:\/\/babysurvivalswim.com\/pruebas\/en\/wp-json\/wp\/v2\/comments?post=8165"}],"version-history":[{"count":3,"href":"https:\/\/babysurvivalswim.com\/pruebas\/en\/wp-json\/wp\/v2\/pages\/8165\/revisions"}],"predecessor-version":[{"id":11617,"href":"https:\/\/babysurvivalswim.com\/pruebas\/en\/wp-json\/wp\/v2\/pages\/8165\/revisions\/11617"}],"wp:attachment":[{"href":"https:\/\/babysurvivalswim.com\/pruebas\/en\/wp-json\/wp\/v2\/media?parent=8165"}],"curies":[{"name":"wp","href":"https:\/\/api.w.org\/{rel}","templated":true}]}}