{"id":9505,"date":"2022-08-23T15:15:44","date_gmt":"2022-08-23T21:15:44","guid":{"rendered":"https:\/\/babysurvivalswim.com\/?page_id=9505"},"modified":"2022-10-06T14:24:36","modified_gmt":"2022-10-06T20:24:36","slug":"adaptacion-al-agua","status":"publish","type":"page","link":"https:\/\/babysurvivalswim.com\/en\/adaptacion-al-agua\/","title":{"rendered":"adaptation to water"},"content":{"rendered":"<div data-elementor-type=\"wp-page\" data-elementor-id=\"9505\" class=\"elementor elementor-9505\" data-elementor-post-type=\"page\">\n\t\t\t\t\t\t\t\t\t<section class=\"elementor-section elementor-top-section elementor-element elementor-element-1012913 elementor-section-boxed elementor-section-height-default elementor-section-height-default\" data-id=\"1012913\" data-element_type=\"section\">\n\t\t\t\t\t\t<div class=\"elementor-container elementor-column-gap-default\">\n\t\t\t\t\t<div class=\"elementor-column elementor-col-100 elementor-top-column elementor-element elementor-element-264aae3\" data-id=\"264aae3\" data-element_type=\"column\">\n\t\t\t<div class=\"elementor-widget-wrap elementor-element-populated\">\n\t\t\t\t\t\t\t\t<div class=\"elementor-element elementor-element-3820a61 elementor-widget elementor-widget-heading\" data-id=\"3820a61\" data-element_type=\"widget\" data-widget_type=\"heading.default\">\n\t\t\t\t<div class=\"elementor-widget-container\">\n\t\t\t<style>\/*! elementor - v3.16.0 - 20-09-2023 *\/\n.elementor-heading-title{padding:0;margin:0;line-height:1}.elementor-widget-heading .elementor-heading-title[class*=elementor-size-]>a{color:inherit;font-size:inherit;line-height:inherit}.elementor-widget-heading .elementor-heading-title.elementor-size-small{font-size:15px}.elementor-widget-heading .elementor-heading-title.elementor-size-medium{font-size:19px}.elementor-widget-heading .elementor-heading-title.elementor-size-large{font-size:29px}.elementor-widget-heading .elementor-heading-title.elementor-size-xl{font-size:39px}.elementor-widget-heading .elementor-heading-title.elementor-size-xxl{font-size:59px}<\/style><h2 class=\"elementor-heading-title elementor-size-default\">Water Adaptation\n<\/h2>\t\t<\/div>\n\t\t\t\t<\/div>\n\t\t\t\t\t<\/div>\n\t\t<\/div>\n\t\t\t\t\t\t\t<\/div>\n\t\t<\/section>\n\t\t\t\t<section class=\"elementor-section elementor-top-section elementor-element elementor-element-69edf51 elementor-section-boxed elementor-section-height-default elementor-section-height-default\" data-id=\"69edf51\" data-element_type=\"section\">\n\t\t\t\t\t\t<div class=\"elementor-container elementor-column-gap-default\">\n\t\t\t\t\t<div class=\"elementor-column elementor-col-100 elementor-top-column elementor-element elementor-element-0f872c4\" data-id=\"0f872c4\" data-element_type=\"column\">\n\t\t\t<div class=\"elementor-widget-wrap elementor-element-populated\">\n\t\t\t\t\t\t\t\t<div class=\"elementor-element elementor-element-a5682b8 elementor-widget elementor-widget-shortcode\" data-id=\"a5682b8\" data-element_type=\"widget\" data-widget_type=\"shortcode.default\">\n\t\t\t\t<div class=\"elementor-widget-container\">\n\t\t\t\t\t<div class=\"elementor-shortcode\">\n<div id=\"booknetic_progress\" class=\"booknetic_progress_waiting booknetic_progress_done\"><dt><\/dt><dd><\/dd><\/div>\n<div class=\"booknetic_appointment\" id=\"booknetic_theme_8\">\n\t<div class=\"booknetic_appointment_steps\">\n\t\t\t\t<div class=\"booknetic_appointment_steps_body\">\n\t\t\t\t\t\t\t<div class=\"booknetic_appointment_step_element booknetic_menu_hidden\"  data-value=\"-1\" data-step-id=\"location\" data-loader=\"card1\" data-title=\"Select location\" >\n\t\t\t\t\t<span class=\"booknetic_badge\"><\/span>\n\t\t\t\t\t<span class=\"booknetic_step_title\"> Location<\/span>\n\t\t\t\t<\/div>\n\t\t\t\t\t\t\t\t<div class=\"booknetic_appointment_step_element\"  data-step-id=\"service\" data-loader=\"card2\" data-title=\"Select service\"  data-service-category=\"2\">\n\t\t\t\t\t<span class=\"booknetic_badge\"><\/span>\n\t\t\t\t\t<span class=\"booknetic_step_title\"> Service<\/span>\n\t\t\t\t<\/div>\n\t\t\t\t\t\t\t\t<div class=\"booknetic_appointment_step_element booknetic_menu_hidden\"  data-value=\"-1\" data-step-id=\"staff\" data-loader=\"card1\" data-title=\"Select staff\" >\n\t\t\t\t\t<span class=\"booknetic_badge\"><\/span>\n\t\t\t\t\t<span class=\"booknetic_step_title\"> Staff<\/span>\n\t\t\t\t<\/div>\n\t\t\t\t\t\t\t\t<div class=\"booknetic_appointment_step_element booknetic_menu_hidden\"  data-step-id=\"service_extras\" data-loader=\"card2\" data-title=\"Select service extras\" >\n\t\t\t\t\t<span class=\"booknetic_badge\"><\/span>\n\t\t\t\t\t<span class=\"booknetic_step_title\"> Service Extras<\/span>\n\t\t\t\t<\/div>\n\t\t\t\t\t\t\t\t<div class=\"booknetic_appointment_step_element\"  data-step-id=\"date_time\" data-loader=\"card3\" data-title=\"Select Date &amp; Time\" >\n\t\t\t\t\t<span class=\"booknetic_badge\"><\/span>\n\t\t\t\t\t<span class=\"booknetic_step_title\"> Date &amp; Time<\/span>\n\t\t\t\t<\/div>\n\t\t\t\t\t\t\t\t<div class=\"booknetic_appointment_step_element booknetic_menu_hidden\"  data-step-id=\"recurring_info\" data-loader=\"card3\" data-title=\"Recurring info\" >\n\t\t\t\t\t<span class=\"booknetic_badge\"><\/span>\n\t\t\t\t\t<span class=\"booknetic_step_title\"> Recurring info<\/span>\n\t\t\t\t<\/div>\n\t\t\t\t\t\t\t\t<div class=\"booknetic_appointment_step_element\"  data-step-id=\"information\" data-loader=\"card3\" data-title=\"Fill information\" >\n\t\t\t\t\t<span class=\"booknetic_badge\"><\/span>\n\t\t\t\t\t<span class=\"booknetic_step_title\"> Information<\/span>\n\t\t\t\t<\/div>\n\t\t\t\t\t\t\t\t<div class=\"booknetic_appointment_step_element\"  data-step-id=\"confirm_details\" data-loader=\"card3\" data-title=\"Confirm Details\" >\n\t\t\t\t\t<span class=\"booknetic_badge\"><\/span>\n\t\t\t\t\t<span class=\"booknetic_step_title\"> confirmation<\/span>\n\t\t\t\t<\/div>\n\t\t\t\t\t\t<\/div>\n\t\t<div class=\"booknetic_appointment_steps_footer\">\n\t\t\t<div class=\"booknetic_appointment_steps_footer_txt1\"><\/div>\n\t\t\t<div class=\"booknetic_appointment_steps_footer_txt2\"><\/div>\n\t\t<\/div>\n\t<\/div>\n\t<div class=\"booknetic_appointment_container\">\n\n\t\t<div class=\"booknetic_appointment_container_header\"><\/div>\n\t\t<div class=\"booknetic_appointment_container_body\">\n\n\t\t\t<div class=\"booknetic_preloader_card1_box booknetic_hidden\">\n\n\t\t\t\t<div class=\"booknetic_preloader_card1\">\n\t\t\t\t\t<div class=\"booknetic_preloader_card1_image\"><\/div>\n\t\t\t\t\t<div class=\"booknetic_preloader_card1_description\"><\/div>\n\t\t\t\t<\/div>\n\n\t\t\t\t<div class=\"booknetic_preloader_card1\">\n\t\t\t\t\t<div class=\"booknetic_preloader_card1_image\"><\/div>\n\t\t\t\t\t<div class=\"booknetic_preloader_card1_description\"><\/div>\n\t\t\t\t<\/div>\n\n\t\t\t\t<div class=\"booknetic_preloader_card1\">\n\t\t\t\t\t<div class=\"booknetic_preloader_card1_image\"><\/div>\n\t\t\t\t\t<div class=\"booknetic_preloader_card1_description\"><\/div>\n\t\t\t\t<\/div>\n\n\t\t\t<\/div>\n\n\t\t\t<div class=\"booknetic_preloader_card2_box booknetic_hidden\">\n\t\t\t\t<div class=\"booknetic_preloader_card2\">\n\t\t\t\t\t<div class=\"booknetic_preloader_card2_image\"><\/div>\n\t\t\t\t\t<div class=\"booknetic_preloader_card2_description\"><\/div>\n\t\t\t\t<\/div>\n\n\t\t\t\t<div class=\"booknetic_preloader_card2\">\n\t\t\t\t\t<div class=\"booknetic_preloader_card2_image\"><\/div>\n\t\t\t\t\t<div class=\"booknetic_preloader_card2_description\"><\/div>\n\t\t\t\t<\/div>\n\n\t\t\t\t<div class=\"booknetic_preloader_card2\">\n\t\t\t\t\t<div class=\"booknetic_preloader_card2_image\"><\/div>\n\t\t\t\t\t<div class=\"booknetic_preloader_card2_description\"><\/div>\n\t\t\t\t<\/div>\n\t\t\t<\/div>\n\n\t\t\t<div class=\"booknetic_preloader_card3_box booknetic_hidden\">\n\t\t\t\t<div class=\"booknetic_preloader_card3\"><\/div>\n\t\t\t\t<div class=\"booknetic_preloader_card3\"><\/div>\n\t\t\t\t<div class=\"booknetic_preloader_card3\"><\/div>\n\t\t\t\t<div class=\"booknetic_preloader_card3\"><\/div>\n\t\t\t<\/div>\n\n\t\t\t<div data-step-id=\"location\" class=\"booknetic_hidden\"><\/div>\n\t\t\t<div data-step-id=\"staff\" class=\"booknetic_hidden\"><\/div>\n\t\t\t<div data-step-id=\"service\" class=\"booknetic_hidden\"><\/div>\n\t\t\t<div data-step-id=\"service_extras\" class=\"booknetic_hidden\"><\/div>\n\t\t\t<div data-step-id=\"date_time\" class=\"booknetic_hidden\"><\/div>\n\t\t\t<div data-step-id=\"recurring_info\" class=\"booknetic_hidden\"><\/div>\n\t\t\t<div data-step-id=\"information\" class=\"booknetic_hidden\"><\/div>\n\t\t\t<div data-step-id=\"confirm_details\" class=\"booknetic_hidden\"><\/div>\n\n\t\t\t<div class=\"booknetic_appointment_finished_with_error booknetic_hidden\">\n\t\t\t\t<img decoding=\"async\" src=\"https:\/\/babysurvivalswim.com\/wp-content\/plugins\/Booknetic-1\/app\/Frontend\/assets\/images\/payment-error.svg\">\n\t\t\t\t<div>We aren&#039;t able to process your payment. Please try again.<\/div>\n\t\t\t<\/div>\n\n\t\t<\/div>\n\t\t<div class=\"booknetic_appointment_container_footer\">\n\t\t\t<button type=\"button\" class=\"booknetic_btn_secondary booknetic_prev_step\">BACK<\/button>\n\t\t\t<div class=\"booknetic_warning_message\"><\/div>\n\t\t\t<button type=\"button\" class=\"booknetic_btn_primary booknetic_next_step\">NEXT STEP<\/button>\n\t\t\t<button type=\"button\" class=\"booknetic_btn_primary booknetic_hidden booknetic_try_again_btn\">TRY AGAIN<\/button>\n\t\t<\/div>\n\t<\/div>\n\t<div class=\"booknetic_appointment_finished\">\n\t\t<div class=\"booknetic_appointment_finished_icon\"><img decoding=\"async\" src=\"https:\/\/babysurvivalswim.com\/wp-content\/plugins\/Booknetic-1\/app\/Frontend\/assets\/icons\/status-ok.svg\"><\/div>\n\t\t<div class=\"booknetic_appointment_finished_title\">Thank you for your request!<\/div>\n\t\t<div class=\"booknetic_appointment_finished_subtitle\">Your confirmation number:<\/div>\n\t\t<div class=\"booknetic_appointment_finished_code\"><\/div>\n\t\t<div class=\"booknetic_appointment_finished_actions\">\n\t\t\t<button type=\"button\" id=\"booknetic_add_to_google_calendar_btn\" class=\"booknetic_btn_secondary\"><img decoding=\"async\" src=\"https:\/\/babysurvivalswim.com\/wp-content\/plugins\/Booknetic-1\/app\/Frontend\/assets\/icons\/calendar.svg\"> ADD TO GOOGLE CALENDAR<\/button>\n\t\t\t<button type=\"button\" id=\"booknetic_start_new_booking_btn\" class=\"booknetic_btn_secondary\"><img decoding=\"async\" src=\"https:\/\/babysurvivalswim.com\/wp-content\/plugins\/Booknetic-1\/app\/Frontend\/assets\/icons\/plus.svg\"> START NEW BOOKING<\/button>\n\t\t\t<button type=\"button\" id=\"booknetic_finish_btn\" class=\"booknetic_btn_secondary\" data-redirect-url=\"https:\/\/babysurvivalswim.com\/wp-login.php\"><img decoding=\"async\" src=\"https:\/\/babysurvivalswim.com\/wp-content\/plugins\/Booknetic-1\/app\/Frontend\/assets\/icons\/check-small.svg\"> FINISH BOOKING<\/button>\n\t\t<\/div>\n\t<\/div>\n\t<\/div>\n<\/div>\n\t\t\t\t<\/div>\n\t\t\t\t<\/div>\n\t\t\t\t\t<\/div>\n\t\t<\/div>\n\t\t\t\t\t\t\t<\/div>\n\t\t<\/section>\n\t\t\t\t<section class=\"elementor-section elementor-top-section elementor-element elementor-element-25a58cf elementor-section-full_width elementor-section-height-default elementor-section-height-default\" data-id=\"25a58cf\" data-element_type=\"section\">\n\t\t\t\t\t\t<div class=\"elementor-container elementor-column-gap-default\">\n\t\t\t\t\t<div class=\"elementor-column elementor-col-100 elementor-top-column elementor-element elementor-element-1eebedc\" data-id=\"1eebedc\" data-element_type=\"column\">\n\t\t\t<div class=\"elementor-widget-wrap elementor-element-populated\">\n\t\t\t\t\t\t\t\t<div class=\"elementor-element elementor-element-0823bc6 elementor-icon-list--layout-traditional elementor-list-item-link-full_width elementor-widget elementor-widget-icon-list\" data-id=\"0823bc6\" data-element_type=\"widget\" data-widget_type=\"icon-list.default\">\n\t\t\t\t<div class=\"elementor-widget-container\">\n\t\t\t<link rel=\"stylesheet\" href=\"https:\/\/babysurvivalswim.com\/wp-content\/plugins\/elementor\/assets\/css\/widget-icon-list.min.css\">\t\t<ul class=\"elementor-icon-list-items\">\n\t\t\t\t\t\t\t<li class=\"elementor-icon-list-item\">\n\t\t\t\t\t\t\t\t\t\t\t<span class=\"elementor-icon-list-icon\">\n\t\t\t\t\t\t\t<i aria-hidden=\"true\" class=\"zmdi zmdi-alert-triangle\"><\/i>\t\t\t\t\t\t<\/span>\n\t\t\t\t\t\t\t\t\t\t<span class=\"elementor-icon-list-text\">If you get the following symbol, it means that that time is not available. It was already taken by someone else.\u00a0<\/span>\n\t\t\t\t\t\t\t\t\t<\/li>\n\t\t\t\t\t\t<\/ul>\n\t\t\t\t<\/div>\n\t\t\t\t<\/div>\n\t\t\t\t\t<\/div>\n\t\t<\/div>\n\t\t\t\t\t\t\t<\/div>\n\t\t<\/section>\n\t\t\t\t\t\t\t<\/div>","protected":false},"excerpt":{"rendered":"<p>Adaptaci\u00f3n al Agua Si te sale el siguiente s\u00edmbolo, significa que no est\u00e1 disponible ese horario. Ya fue tomado por otra persona.\u00a0<\/p>","protected":false},"author":1,"featured_media":0,"parent":0,"menu_order":0,"comment_status":"closed","ping_status":"closed","template":"","meta":{"footnotes":""},"class_list":["post-9505","page","type-page","status-publish","hentry"],"_links":{"self":[{"href":"https:\/\/babysurvivalswim.com\/en\/wp-json\/wp\/v2\/pages\/9505","targetHints":{"allow":["GET"]}}],"collection":[{"href":"https:\/\/babysurvivalswim.com\/en\/wp-json\/wp\/v2\/pages"}],"about":[{"href":"https:\/\/babysurvivalswim.com\/en\/wp-json\/wp\/v2\/types\/page"}],"author":[{"embeddable":true,"href":"https:\/\/babysurvivalswim.com\/en\/wp-json\/wp\/v2\/users\/1"}],"replies":[{"embeddable":true,"href":"https:\/\/babysurvivalswim.com\/en\/wp-json\/wp\/v2\/comments?post=9505"}],"version-history":[{"count":0,"href":"https:\/\/babysurvivalswim.com\/en\/wp-json\/wp\/v2\/pages\/9505\/revisions"}],"wp:attachment":[{"href":"https:\/\/babysurvivalswim.com\/en\/wp-json\/wp\/v2\/media?parent=9505"}],"curies":[{"name":"wp","href":"https:\/\/api.w.org\/{rel}","templated":true}]}}