{"id":9266,"date":"2022-08-02T07:59:09","date_gmt":"2022-08-02T13:59:09","guid":{"rendered":"https:\/\/babysurvivalswim.com\/?page_id=9266"},"modified":"2022-10-06T14:25:11","modified_gmt":"2022-10-06T20:25:11","slug":"programa-de-natacion-avanzada-2022-2","status":"publish","type":"page","link":"https:\/\/babysurvivalswim.com\/en\/programa-de-natacion-avanzada-2022-2\/","title":{"rendered":"Advanced Swimming 2022"},"content":{"rendered":"<div data-elementor-type=\"wp-page\" data-elementor-id=\"9266\" class=\"elementor elementor-9266\" data-elementor-post-type=\"page\">\n\t\t\t\t\t\t\t\t\t<section class=\"elementor-section elementor-top-section elementor-element elementor-element-3e94654 elementor-section-boxed elementor-section-height-default elementor-section-height-default\" data-id=\"3e94654\" data-element_type=\"section\">\n\t\t\t\t\t\t<div class=\"elementor-container elementor-column-gap-default\">\n\t\t\t\t\t<div class=\"elementor-column elementor-col-100 elementor-top-column elementor-element elementor-element-912c39e\" data-id=\"912c39e\" data-element_type=\"column\">\n\t\t\t<div class=\"elementor-widget-wrap elementor-element-populated\">\n\t\t\t\t\t\t\t\t<div class=\"elementor-element elementor-element-567b67f elementor-widget elementor-widget-heading\" data-id=\"567b67f\" data-element_type=\"widget\" data-widget_type=\"heading.default\">\n\t\t\t\t<div class=\"elementor-widget-container\">\n\t\t\t<style>\/*! elementor - v3.16.0 - 20-09-2023 *\/\n.elementor-heading-title{padding:0;margin:0;line-height:1}.elementor-widget-heading .elementor-heading-title[class*=elementor-size-]>a{color:inherit;font-size:inherit;line-height:inherit}.elementor-widget-heading .elementor-heading-title.elementor-size-small{font-size:15px}.elementor-widget-heading .elementor-heading-title.elementor-size-medium{font-size:19px}.elementor-widget-heading .elementor-heading-title.elementor-size-large{font-size:29px}.elementor-widget-heading .elementor-heading-title.elementor-size-xl{font-size:39px}.elementor-widget-heading .elementor-heading-title.elementor-size-xxl{font-size:59px}<\/style><h2 class=\"elementor-heading-title elementor-size-default\">Advanced Swimming 2022:\n\n<\/h2>\t\t<\/div>\n\t\t\t\t<\/div>\n\t\t\t\t\t<\/div>\n\t\t<\/div>\n\t\t\t\t\t\t\t<\/div>\n\t\t<\/section>\n\t\t\t\t<section class=\"elementor-section elementor-top-section elementor-element elementor-element-59444f7 elementor-hidden-desktop elementor-hidden-tablet elementor-hidden-mobile elementor-section-boxed elementor-section-height-default elementor-section-height-default\" data-id=\"59444f7\" data-element_type=\"section\">\n\t\t\t\t\t\t<div class=\"elementor-container elementor-column-gap-default\">\n\t\t\t\t\t<div class=\"elementor-column elementor-col-50 elementor-top-column elementor-element elementor-element-963ee0d\" data-id=\"963ee0d\" data-element_type=\"column\">\n\t\t\t<div class=\"elementor-widget-wrap elementor-element-populated\">\n\t\t\t\t\t\t\t\t<div class=\"elementor-element elementor-element-ec60b64 elementor-widget elementor-widget-image\" data-id=\"ec60b64\" data-element_type=\"widget\" data-widget_type=\"image.default\">\n\t\t\t\t<div class=\"elementor-widget-container\">\n\t\t\t<style>\/*! elementor - v3.16.0 - 20-09-2023 *\/\n.elementor-widget-image{text-align:center}.elementor-widget-image a{display:inline-block}.elementor-widget-image a img[src$=\".svg\"]{width:48px}.elementor-widget-image img{vertical-align:middle;display:inline-block}<\/style>\t\t\t\t\t\t\t\t\t\t\t\t<img loading=\"lazy\" decoding=\"async\" width=\"542\" height=\"440\" src=\"https:\/\/babysurvivalswim.com\/wp-content\/uploads\/2022\/05\/Diseno-sin-titulo908.png\" class=\"attachment-large size-large wp-image-8613\" alt=\"\" \/>\t\t\t\t\t\t\t\t\t\t\t\t\t\t\t<\/div>\n\t\t\t\t<\/div>\n\t\t\t\t<div class=\"elementor-element elementor-element-45dbdc7 elementor-widget elementor-widget-text-editor\" data-id=\"45dbdc7\" data-element_type=\"widget\" data-widget_type=\"text-editor.default\">\n\t\t\t\t<div class=\"elementor-widget-container\">\n\t\t\t<style>\/*! elementor - v3.16.0 - 20-09-2023 *\/\n.elementor-widget-text-editor.elementor-drop-cap-view-stacked .elementor-drop-cap{background-color:#69727d;color:#fff}.elementor-widget-text-editor.elementor-drop-cap-view-framed .elementor-drop-cap{color:#69727d;border:3px solid;background-color:transparent}.elementor-widget-text-editor:not(.elementor-drop-cap-view-default) .elementor-drop-cap{margin-top:8px}.elementor-widget-text-editor:not(.elementor-drop-cap-view-default) .elementor-drop-cap-letter{width:1em;height:1em}.elementor-widget-text-editor .elementor-drop-cap{float:left;text-align:center;line-height:1;font-size:50px}.elementor-widget-text-editor .elementor-drop-cap-letter{display:inline-block}<\/style>\t\t\t\t<p><br \/>The goal of a comprehensive swimming plan goes beyond teaching children to swim. It implies that they learn to have fun in the water safely, as well as to help others without taking risks. This, while they acquire the value of effort, leadership and the spirit of improvement.<\/p>\t\t\t\t\t\t<\/div>\n\t\t\t\t<\/div>\n\t\t\t\t\t<\/div>\n\t\t<\/div>\n\t\t\t\t<div class=\"elementor-column elementor-col-50 elementor-top-column elementor-element elementor-element-6d93718\" data-id=\"6d93718\" data-element_type=\"column\">\n\t\t\t<div class=\"elementor-widget-wrap\">\n\t\t\t\t\t\t\t\t\t<\/div>\n\t\t<\/div>\n\t\t\t\t\t\t\t<\/div>\n\t\t<\/section>\n\t\t\t\t<section class=\"elementor-section elementor-top-section elementor-element elementor-element-db24618 elementor-section-boxed elementor-section-height-default elementor-section-height-default\" data-id=\"db24618\" data-element_type=\"section\">\n\t\t\t\t\t\t<div class=\"elementor-container elementor-column-gap-default\">\n\t\t\t\t\t<div class=\"elementor-column elementor-col-100 elementor-top-column elementor-element elementor-element-83cb5e3\" data-id=\"83cb5e3\" data-element_type=\"column\">\n\t\t\t<div class=\"elementor-widget-wrap elementor-element-populated\">\n\t\t\t\t\t\t\t\t<div class=\"elementor-element elementor-element-372bced elementor-widget elementor-widget-shortcode\" data-id=\"372bced\" data-element_type=\"widget\" data-widget_type=\"shortcode.default\">\n\t\t\t\t<div class=\"elementor-widget-container\">\n\t\t\t\t\t<div class=\"elementor-shortcode\">\n<div id=\"booknetic_progress\" class=\"booknetic_progress_waiting booknetic_progress_done\"><dt><\/dt><dd><\/dd><\/div>\n<div class=\"booknetic_appointment\" id=\"booknetic_theme_8\">\n\t<div class=\"booknetic_appointment_steps\">\n\t\t\t\t<div class=\"booknetic_appointment_steps_body\">\n\t\t\t\t\t\t\t<div class=\"booknetic_appointment_step_element booknetic_menu_hidden\"  data-value=\"-1\" data-step-id=\"location\" data-loader=\"card1\" data-title=\"Select location\" >\n\t\t\t\t\t<span class=\"booknetic_badge\"><\/span>\n\t\t\t\t\t<span class=\"booknetic_step_title\"> Location<\/span>\n\t\t\t\t<\/div>\n\t\t\t\t\t\t\t\t<div class=\"booknetic_appointment_step_element\"  data-step-id=\"service\" data-loader=\"card2\" data-title=\"Select service\"  data-service-category=\"7\">\n\t\t\t\t\t<span class=\"booknetic_badge\"><\/span>\n\t\t\t\t\t<span class=\"booknetic_step_title\"> Service<\/span>\n\t\t\t\t<\/div>\n\t\t\t\t\t\t\t\t<div class=\"booknetic_appointment_step_element booknetic_menu_hidden\"  data-value=\"-1\" data-step-id=\"staff\" data-loader=\"card1\" data-title=\"Select staff\" >\n\t\t\t\t\t<span class=\"booknetic_badge\"><\/span>\n\t\t\t\t\t<span class=\"booknetic_step_title\"> Staff<\/span>\n\t\t\t\t<\/div>\n\t\t\t\t\t\t\t\t<div class=\"booknetic_appointment_step_element booknetic_menu_hidden\"  data-step-id=\"service_extras\" data-loader=\"card2\" data-title=\"Select service extras\" >\n\t\t\t\t\t<span class=\"booknetic_badge\"><\/span>\n\t\t\t\t\t<span class=\"booknetic_step_title\"> Service Extras<\/span>\n\t\t\t\t<\/div>\n\t\t\t\t\t\t\t\t<div class=\"booknetic_appointment_step_element\"  data-step-id=\"date_time\" data-loader=\"card3\" data-title=\"Select Date &amp; Time\" >\n\t\t\t\t\t<span class=\"booknetic_badge\"><\/span>\n\t\t\t\t\t<span class=\"booknetic_step_title\"> Date &amp; Time<\/span>\n\t\t\t\t<\/div>\n\t\t\t\t\t\t\t\t<div class=\"booknetic_appointment_step_element booknetic_menu_hidden\"  data-step-id=\"recurring_info\" data-loader=\"card3\" data-title=\"Recurring info\" >\n\t\t\t\t\t<span class=\"booknetic_badge\"><\/span>\n\t\t\t\t\t<span class=\"booknetic_step_title\"> Recurring info<\/span>\n\t\t\t\t<\/div>\n\t\t\t\t\t\t\t\t<div class=\"booknetic_appointment_step_element\"  data-step-id=\"information\" data-loader=\"card3\" data-title=\"Fill information\" >\n\t\t\t\t\t<span class=\"booknetic_badge\"><\/span>\n\t\t\t\t\t<span class=\"booknetic_step_title\"> Information<\/span>\n\t\t\t\t<\/div>\n\t\t\t\t\t\t\t\t<div class=\"booknetic_appointment_step_element\"  data-step-id=\"confirm_details\" data-loader=\"card3\" data-title=\"Confirm Details\" >\n\t\t\t\t\t<span class=\"booknetic_badge\"><\/span>\n\t\t\t\t\t<span class=\"booknetic_step_title\"> confirmation<\/span>\n\t\t\t\t<\/div>\n\t\t\t\t\t\t<\/div>\n\t\t<div class=\"booknetic_appointment_steps_footer\">\n\t\t\t<div class=\"booknetic_appointment_steps_footer_txt1\"><\/div>\n\t\t\t<div class=\"booknetic_appointment_steps_footer_txt2\"><\/div>\n\t\t<\/div>\n\t<\/div>\n\t<div class=\"booknetic_appointment_container\">\n\n\t\t<div class=\"booknetic_appointment_container_header\"><\/div>\n\t\t<div class=\"booknetic_appointment_container_body\">\n\n\t\t\t<div class=\"booknetic_preloader_card1_box booknetic_hidden\">\n\n\t\t\t\t<div class=\"booknetic_preloader_card1\">\n\t\t\t\t\t<div class=\"booknetic_preloader_card1_image\"><\/div>\n\t\t\t\t\t<div class=\"booknetic_preloader_card1_description\"><\/div>\n\t\t\t\t<\/div>\n\n\t\t\t\t<div class=\"booknetic_preloader_card1\">\n\t\t\t\t\t<div class=\"booknetic_preloader_card1_image\"><\/div>\n\t\t\t\t\t<div class=\"booknetic_preloader_card1_description\"><\/div>\n\t\t\t\t<\/div>\n\n\t\t\t\t<div class=\"booknetic_preloader_card1\">\n\t\t\t\t\t<div class=\"booknetic_preloader_card1_image\"><\/div>\n\t\t\t\t\t<div class=\"booknetic_preloader_card1_description\"><\/div>\n\t\t\t\t<\/div>\n\n\t\t\t<\/div>\n\n\t\t\t<div class=\"booknetic_preloader_card2_box booknetic_hidden\">\n\t\t\t\t<div class=\"booknetic_preloader_card2\">\n\t\t\t\t\t<div class=\"booknetic_preloader_card2_image\"><\/div>\n\t\t\t\t\t<div class=\"booknetic_preloader_card2_description\"><\/div>\n\t\t\t\t<\/div>\n\n\t\t\t\t<div class=\"booknetic_preloader_card2\">\n\t\t\t\t\t<div class=\"booknetic_preloader_card2_image\"><\/div>\n\t\t\t\t\t<div class=\"booknetic_preloader_card2_description\"><\/div>\n\t\t\t\t<\/div>\n\n\t\t\t\t<div class=\"booknetic_preloader_card2\">\n\t\t\t\t\t<div class=\"booknetic_preloader_card2_image\"><\/div>\n\t\t\t\t\t<div class=\"booknetic_preloader_card2_description\"><\/div>\n\t\t\t\t<\/div>\n\t\t\t<\/div>\n\n\t\t\t<div class=\"booknetic_preloader_card3_box booknetic_hidden\">\n\t\t\t\t<div class=\"booknetic_preloader_card3\"><\/div>\n\t\t\t\t<div class=\"booknetic_preloader_card3\"><\/div>\n\t\t\t\t<div class=\"booknetic_preloader_card3\"><\/div>\n\t\t\t\t<div class=\"booknetic_preloader_card3\"><\/div>\n\t\t\t<\/div>\n\n\t\t\t<div data-step-id=\"location\" class=\"booknetic_hidden\"><\/div>\n\t\t\t<div data-step-id=\"staff\" class=\"booknetic_hidden\"><\/div>\n\t\t\t<div data-step-id=\"service\" class=\"booknetic_hidden\"><\/div>\n\t\t\t<div data-step-id=\"service_extras\" class=\"booknetic_hidden\"><\/div>\n\t\t\t<div data-step-id=\"date_time\" class=\"booknetic_hidden\"><\/div>\n\t\t\t<div data-step-id=\"recurring_info\" class=\"booknetic_hidden\"><\/div>\n\t\t\t<div data-step-id=\"information\" class=\"booknetic_hidden\"><\/div>\n\t\t\t<div data-step-id=\"confirm_details\" class=\"booknetic_hidden\"><\/div>\n\n\t\t\t<div class=\"booknetic_appointment_finished_with_error booknetic_hidden\">\n\t\t\t\t<img decoding=\"async\" src=\"https:\/\/babysurvivalswim.com\/wp-content\/plugins\/Booknetic-1\/app\/Frontend\/assets\/images\/payment-error.svg\">\n\t\t\t\t<div>We aren&#039;t able to process your payment. Please try again.<\/div>\n\t\t\t<\/div>\n\n\t\t<\/div>\n\t\t<div class=\"booknetic_appointment_container_footer\">\n\t\t\t<button type=\"button\" class=\"booknetic_btn_secondary booknetic_prev_step\">BACK<\/button>\n\t\t\t<div class=\"booknetic_warning_message\"><\/div>\n\t\t\t<button type=\"button\" class=\"booknetic_btn_primary booknetic_next_step\">NEXT STEP<\/button>\n\t\t\t<button type=\"button\" class=\"booknetic_btn_primary booknetic_hidden booknetic_try_again_btn\">TRY AGAIN<\/button>\n\t\t<\/div>\n\t<\/div>\n\t<div class=\"booknetic_appointment_finished\">\n\t\t<div class=\"booknetic_appointment_finished_icon\"><img decoding=\"async\" src=\"https:\/\/babysurvivalswim.com\/wp-content\/plugins\/Booknetic-1\/app\/Frontend\/assets\/icons\/status-ok.svg\"><\/div>\n\t\t<div class=\"booknetic_appointment_finished_title\">Thank you for your request!<\/div>\n\t\t<div class=\"booknetic_appointment_finished_subtitle\">Your confirmation number:<\/div>\n\t\t<div class=\"booknetic_appointment_finished_code\"><\/div>\n\t\t<div class=\"booknetic_appointment_finished_actions\">\n\t\t\t<button type=\"button\" id=\"booknetic_add_to_google_calendar_btn\" class=\"booknetic_btn_secondary\"><img decoding=\"async\" src=\"https:\/\/babysurvivalswim.com\/wp-content\/plugins\/Booknetic-1\/app\/Frontend\/assets\/icons\/calendar.svg\"> ADD TO GOOGLE CALENDAR<\/button>\n\t\t\t<button type=\"button\" id=\"booknetic_start_new_booking_btn\" class=\"booknetic_btn_secondary\"><img decoding=\"async\" src=\"https:\/\/babysurvivalswim.com\/wp-content\/plugins\/Booknetic-1\/app\/Frontend\/assets\/icons\/plus.svg\"> START NEW BOOKING<\/button>\n\t\t\t<button type=\"button\" id=\"booknetic_finish_btn\" class=\"booknetic_btn_secondary\" data-redirect-url=\"https:\/\/babysurvivalswim.com\/wp-login.php\"><img decoding=\"async\" src=\"https:\/\/babysurvivalswim.com\/wp-content\/plugins\/Booknetic-1\/app\/Frontend\/assets\/icons\/check-small.svg\"> FINISH BOOKING<\/button>\n\t\t<\/div>\n\t<\/div>\n\t<\/div>\n<\/div>\n\t\t\t\t<\/div>\n\t\t\t\t<\/div>\n\t\t\t\t\t<\/div>\n\t\t<\/div>\n\t\t\t\t\t\t\t<\/div>\n\t\t<\/section>\n\t\t\t\t\t\t\t<\/div>","protected":false},"excerpt":{"rendered":"<p>Nataci\u00f3n Avanzada 2022: El objetivo de un plan integral de nataci\u00f3n va m\u00e1s all\u00e1 de ense\u00f1ar a los ni\u00f1os a nadar. Implica que aprendan a divertirse en el agua de forma segura, as\u00ed como a auxiliar a otros sin arriesgarse. Esto, mientras adquieren el valor del esfuerzo, el liderazgo y el esp\u00edritu de superaci\u00f3n. [ameliabooking &hellip; <a href=\"https:\/\/babysurvivalswim.com\/en\/programa-de-natacion-avanzada-2022-2\/\" class=\"more-link\">Continue reading <span class=\"screen-reader-text\">Advanced Swimming 2022<\/span><\/a><\/p>","protected":false},"author":1,"featured_media":0,"parent":0,"menu_order":0,"comment_status":"closed","ping_status":"closed","template":"","meta":{"footnotes":""},"class_list":["post-9266","page","type-page","status-publish","hentry"],"_links":{"self":[{"href":"https:\/\/babysurvivalswim.com\/en\/wp-json\/wp\/v2\/pages\/9266","targetHints":{"allow":["GET"]}}],"collection":[{"href":"https:\/\/babysurvivalswim.com\/en\/wp-json\/wp\/v2\/pages"}],"about":[{"href":"https:\/\/babysurvivalswim.com\/en\/wp-json\/wp\/v2\/types\/page"}],"author":[{"embeddable":true,"href":"https:\/\/babysurvivalswim.com\/en\/wp-json\/wp\/v2\/users\/1"}],"replies":[{"embeddable":true,"href":"https:\/\/babysurvivalswim.com\/en\/wp-json\/wp\/v2\/comments?post=9266"}],"version-history":[{"count":0,"href":"https:\/\/babysurvivalswim.com\/en\/wp-json\/wp\/v2\/pages\/9266\/revisions"}],"wp:attachment":[{"href":"https:\/\/babysurvivalswim.com\/en\/wp-json\/wp\/v2\/media?parent=9266"}],"curies":[{"name":"wp","href":"https:\/\/api.w.org\/{rel}","templated":true}]}}